{"id":8523,"date":"2025-05-20T15:10:05","date_gmt":"2025-05-20T13:10:05","guid":{"rendered":"https:\/\/nuovasimonelli.com\/brochures\/"},"modified":"2025-07-04T12:26:56","modified_gmt":"2025-07-04T10:26:56","slug":"brochures","status":"publish","type":"page","link":"https:\/\/nuovasimonelli.com\/fr\/brochures\/","title":{"rendered":"Brochure"},"content":{"rendered":"","protected":false},"excerpt":{"rendered":"","protected":false},"author":1,"featured_media":0,"parent":0,"menu_order":0,"comment_status":"closed","ping_status":"closed","template":"templates\/brochures.php","meta":{"_acf_changed":false,"inline_featured_image":false},"class_list":["post-8523","page","type-page","status-publish","hentry"],"acf":{"brochures_download_text":"T\u00e9l\u00e9charger la brochure"},"yoast_head":"<!-- This site is optimized with the Yoast SEO plugin v27.5 - https:\/\/yoast.com\/product\/yoast-seo-wordpress\/ -->\n<title>Brochure - Nuova Simonelli<\/title>\n<meta name=\"description\" content=\"T\u00e9l\u00e9chargez et explorez les brochures de tous les produits Nuova Simonelli pour d\u00e9couvrir des caract\u00e9ristiques d\u00e9taill\u00e9es et des innovations exclusives.\" \/>\n<meta name=\"robots\" content=\"index, follow, max-snippet:-1, max-image-preview:large, max-video-preview:-1\" \/>\n<link rel=\"canonical\" href=\"https:\/\/nuovasimonelli.com\/fr\/brochures\/\" \/>\n<meta property=\"og:locale\" content=\"fr_FR\" \/>\n<meta property=\"og:type\" content=\"article\" \/>\n<meta property=\"og:title\" content=\"Brochure - Nuova Simonelli\" \/>\n<meta property=\"og:description\" content=\"T\u00e9l\u00e9chargez et explorez les brochures de tous les produits Nuova Simonelli pour d\u00e9couvrir des caract\u00e9ristiques d\u00e9taill\u00e9es et des innovations exclusives.\" \/>\n<meta property=\"og:url\" content=\"https:\/\/nuovasimonelli.com\/fr\/brochures\/\" \/>\n<meta property=\"og:site_name\" content=\"Nuova Simonelli\" \/>\n<meta property=\"article:modified_time\" content=\"2025-07-04T10:26:56+00:00\" \/>\n<meta name=\"twitter:card\" content=\"summary_large_image\" \/>\n<script type=\"application\/ld+json\" class=\"yoast-schema-graph\">{\"@context\":\"https:\\\/\\\/schema.org\",\"@graph\":[{\"@type\":\"WebPage\",\"@id\":\"https:\\\/\\\/nuovasimonelli.com\\\/fr\\\/brochures\\\/\",\"url\":\"https:\\\/\\\/nuovasimonelli.com\\\/fr\\\/brochures\\\/\",\"name\":\"Brochure - Nuova Simonelli\",\"isPartOf\":{\"@id\":\"https:\\\/\\\/nuovasimonelli.com\\\/fr\\\/#website\"},\"datePublished\":\"2025-05-20T13:10:05+00:00\",\"dateModified\":\"2025-07-04T10:26:56+00:00\",\"description\":\"T\u00e9l\u00e9chargez et explorez les brochures de tous les produits Nuova Simonelli pour d\u00e9couvrir des caract\u00e9ristiques d\u00e9taill\u00e9es et des innovations exclusives.\",\"breadcrumb\":{\"@id\":\"https:\\\/\\\/nuovasimonelli.com\\\/fr\\\/brochures\\\/#breadcrumb\"},\"inLanguage\":\"fr-FR\",\"potentialAction\":[{\"@type\":\"ReadAction\",\"target\":[\"https:\\\/\\\/nuovasimonelli.com\\\/fr\\\/brochures\\\/\"]}]},{\"@type\":\"BreadcrumbList\",\"@id\":\"https:\\\/\\\/nuovasimonelli.com\\\/fr\\\/brochures\\\/#breadcrumb\",\"itemListElement\":[{\"@type\":\"ListItem\",\"position\":1,\"name\":\"Home\",\"item\":\"https:\\\/\\\/nuovasimonelli.com\\\/fr\\\/\"},{\"@type\":\"ListItem\",\"position\":2,\"name\":\"Brochure\"}]},{\"@type\":\"WebSite\",\"@id\":\"https:\\\/\\\/nuovasimonelli.com\\\/fr\\\/#website\",\"url\":\"https:\\\/\\\/nuovasimonelli.com\\\/fr\\\/\",\"name\":\"Nuova Simonelli\",\"description\":\"\",\"potentialAction\":[{\"@type\":\"SearchAction\",\"target\":{\"@type\":\"EntryPoint\",\"urlTemplate\":\"https:\\\/\\\/nuovasimonelli.com\\\/fr\\\/?s={search_term_string}\"},\"query-input\":{\"@type\":\"PropertyValueSpecification\",\"valueRequired\":true,\"valueName\":\"search_term_string\"}}],\"inLanguage\":\"fr-FR\"}]}<\/script>\n<!-- \/ Yoast SEO plugin. -->","yoast_head_json":{"title":"Brochure - Nuova Simonelli","description":"T\u00e9l\u00e9chargez et explorez les brochures de tous les produits Nuova Simonelli pour d\u00e9couvrir des caract\u00e9ristiques d\u00e9taill\u00e9es et des innovations exclusives.","robots":{"index":"index","follow":"follow","max-snippet":"max-snippet:-1","max-image-preview":"max-image-preview:large","max-video-preview":"max-video-preview:-1"},"canonical":"https:\/\/nuovasimonelli.com\/fr\/brochures\/","og_locale":"fr_FR","og_type":"article","og_title":"Brochure - Nuova Simonelli","og_description":"T\u00e9l\u00e9chargez et explorez les brochures de tous les produits Nuova Simonelli pour d\u00e9couvrir des caract\u00e9ristiques d\u00e9taill\u00e9es et des innovations exclusives.","og_url":"https:\/\/nuovasimonelli.com\/fr\/brochures\/","og_site_name":"Nuova Simonelli","article_modified_time":"2025-07-04T10:26:56+00:00","twitter_card":"summary_large_image","schema":{"@context":"https:\/\/schema.org","@graph":[{"@type":"WebPage","@id":"https:\/\/nuovasimonelli.com\/fr\/brochures\/","url":"https:\/\/nuovasimonelli.com\/fr\/brochures\/","name":"Brochure - Nuova Simonelli","isPartOf":{"@id":"https:\/\/nuovasimonelli.com\/fr\/#website"},"datePublished":"2025-05-20T13:10:05+00:00","dateModified":"2025-07-04T10:26:56+00:00","description":"T\u00e9l\u00e9chargez et explorez les brochures de tous les produits Nuova Simonelli pour d\u00e9couvrir des caract\u00e9ristiques d\u00e9taill\u00e9es et des innovations exclusives.","breadcrumb":{"@id":"https:\/\/nuovasimonelli.com\/fr\/brochures\/#breadcrumb"},"inLanguage":"fr-FR","potentialAction":[{"@type":"ReadAction","target":["https:\/\/nuovasimonelli.com\/fr\/brochures\/"]}]},{"@type":"BreadcrumbList","@id":"https:\/\/nuovasimonelli.com\/fr\/brochures\/#breadcrumb","itemListElement":[{"@type":"ListItem","position":1,"name":"Home","item":"https:\/\/nuovasimonelli.com\/fr\/"},{"@type":"ListItem","position":2,"name":"Brochure"}]},{"@type":"WebSite","@id":"https:\/\/nuovasimonelli.com\/fr\/#website","url":"https:\/\/nuovasimonelli.com\/fr\/","name":"Nuova Simonelli","description":"","potentialAction":[{"@type":"SearchAction","target":{"@type":"EntryPoint","urlTemplate":"https:\/\/nuovasimonelli.com\/fr\/?s={search_term_string}"},"query-input":{"@type":"PropertyValueSpecification","valueRequired":true,"valueName":"search_term_string"}}],"inLanguage":"fr-FR"}]}},"_links":{"self":[{"href":"https:\/\/nuovasimonelli.com\/fr\/wp-json\/wp\/v2\/pages\/8523","targetHints":{"allow":["GET"]}}],"collection":[{"href":"https:\/\/nuovasimonelli.com\/fr\/wp-json\/wp\/v2\/pages"}],"about":[{"href":"https:\/\/nuovasimonelli.com\/fr\/wp-json\/wp\/v2\/types\/page"}],"author":[{"embeddable":true,"href":"https:\/\/nuovasimonelli.com\/fr\/wp-json\/wp\/v2\/users\/1"}],"replies":[{"embeddable":true,"href":"https:\/\/nuovasimonelli.com\/fr\/wp-json\/wp\/v2\/comments?post=8523"}],"version-history":[{"count":3,"href":"https:\/\/nuovasimonelli.com\/fr\/wp-json\/wp\/v2\/pages\/8523\/revisions"}],"predecessor-version":[{"id":9814,"href":"https:\/\/nuovasimonelli.com\/fr\/wp-json\/wp\/v2\/pages\/8523\/revisions\/9814"}],"wp:attachment":[{"href":"https:\/\/nuovasimonelli.com\/fr\/wp-json\/wp\/v2\/media?parent=8523"}],"curies":[{"name":"wp","href":"https:\/\/api.w.org\/{rel}","templated":true}]}}