{"id":7800,"date":"2025-05-20T14:46:10","date_gmt":"2025-05-20T12:46:10","guid":{"rendered":"https:\/\/nuovasimonelli.com\/rechercher\/"},"modified":"2025-07-04T12:27:12","modified_gmt":"2025-07-04T10:27:12","slug":"search","status":"publish","type":"page","link":"https:\/\/nuovasimonelli.com\/fr\/search\/","title":{"rendered":"Rechercher"},"content":{"rendered":"","protected":false},"excerpt":{"rendered":"","protected":false},"author":1,"featured_media":0,"parent":0,"menu_order":0,"comment_status":"closed","ping_status":"closed","template":"templates\/search.php","meta":{"_acf_changed":false,"inline_featured_image":false},"class_list":["post-7800","page","type-page","status-publish","hentry"],"acf":{"search_options_placeholder":"Rechercher...","search_options_results_label":"Recherche de"},"yoast_head":"<!-- This site is optimized with the Yoast SEO plugin v27.5 - https:\/\/yoast.com\/product\/yoast-seo-wordpress\/ -->\n<title>Rechercher - Nuova Simonelli<\/title>\n<meta name=\"description\" content=\"Recherchez et d\u00e9couvrez les derni\u00e8res actualit\u00e9s, les mises \u00e0 jour exclusives et les histoires inspirantes de l&#039;univers Nuova Simonelli.\" \/>\n<meta name=\"robots\" content=\"index, follow, max-snippet:-1, max-image-preview:large, max-video-preview:-1\" \/>\n<link rel=\"canonical\" href=\"https:\/\/nuovasimonelli.com\/fr\/search\/\" \/>\n<meta property=\"og:locale\" content=\"fr_FR\" \/>\n<meta property=\"og:type\" content=\"article\" \/>\n<meta property=\"og:title\" content=\"Rechercher - Nuova Simonelli\" \/>\n<meta property=\"og:description\" content=\"Recherchez et d\u00e9couvrez les derni\u00e8res actualit\u00e9s, les mises \u00e0 jour exclusives et les histoires inspirantes de l&#039;univers Nuova Simonelli.\" \/>\n<meta property=\"og:url\" content=\"https:\/\/nuovasimonelli.com\/fr\/search\/\" \/>\n<meta property=\"og:site_name\" content=\"Nuova Simonelli\" \/>\n<meta property=\"article:modified_time\" content=\"2025-07-04T10:27:12+00:00\" \/>\n<meta name=\"twitter:card\" content=\"summary_large_image\" \/>\n<script type=\"application\/ld+json\" class=\"yoast-schema-graph\">{\"@context\":\"https:\\\/\\\/schema.org\",\"@graph\":[{\"@type\":\"WebPage\",\"@id\":\"https:\\\/\\\/nuovasimonelli.com\\\/fr\\\/search\\\/\",\"url\":\"https:\\\/\\\/nuovasimonelli.com\\\/fr\\\/search\\\/\",\"name\":\"Rechercher - Nuova Simonelli\",\"isPartOf\":{\"@id\":\"https:\\\/\\\/nuovasimonelli.com\\\/fr\\\/#website\"},\"datePublished\":\"2025-05-20T12:46:10+00:00\",\"dateModified\":\"2025-07-04T10:27:12+00:00\",\"description\":\"Recherchez et d\u00e9couvrez les derni\u00e8res actualit\u00e9s, les mises \u00e0 jour exclusives et les histoires inspirantes de l'univers Nuova Simonelli.\",\"breadcrumb\":{\"@id\":\"https:\\\/\\\/nuovasimonelli.com\\\/fr\\\/search\\\/#breadcrumb\"},\"inLanguage\":\"fr-FR\",\"potentialAction\":[{\"@type\":\"ReadAction\",\"target\":[\"https:\\\/\\\/nuovasimonelli.com\\\/fr\\\/search\\\/\"]}]},{\"@type\":\"BreadcrumbList\",\"@id\":\"https:\\\/\\\/nuovasimonelli.com\\\/fr\\\/search\\\/#breadcrumb\",\"itemListElement\":[{\"@type\":\"ListItem\",\"position\":1,\"name\":\"Home\",\"item\":\"https:\\\/\\\/nuovasimonelli.com\\\/fr\\\/\"},{\"@type\":\"ListItem\",\"position\":2,\"name\":\"Rechercher\"}]},{\"@type\":\"WebSite\",\"@id\":\"https:\\\/\\\/nuovasimonelli.com\\\/fr\\\/#website\",\"url\":\"https:\\\/\\\/nuovasimonelli.com\\\/fr\\\/\",\"name\":\"Nuova Simonelli\",\"description\":\"\",\"potentialAction\":[{\"@type\":\"SearchAction\",\"target\":{\"@type\":\"EntryPoint\",\"urlTemplate\":\"https:\\\/\\\/nuovasimonelli.com\\\/fr\\\/?s={search_term_string}\"},\"query-input\":{\"@type\":\"PropertyValueSpecification\",\"valueRequired\":true,\"valueName\":\"search_term_string\"}}],\"inLanguage\":\"fr-FR\"}]}<\/script>\n<!-- \/ Yoast SEO plugin. -->","yoast_head_json":{"title":"Rechercher - Nuova Simonelli","description":"Recherchez et d\u00e9couvrez les derni\u00e8res actualit\u00e9s, les mises \u00e0 jour exclusives et les histoires inspirantes de l'univers Nuova Simonelli.","robots":{"index":"index","follow":"follow","max-snippet":"max-snippet:-1","max-image-preview":"max-image-preview:large","max-video-preview":"max-video-preview:-1"},"canonical":"https:\/\/nuovasimonelli.com\/fr\/search\/","og_locale":"fr_FR","og_type":"article","og_title":"Rechercher - Nuova Simonelli","og_description":"Recherchez et d\u00e9couvrez les derni\u00e8res actualit\u00e9s, les mises \u00e0 jour exclusives et les histoires inspirantes de l'univers Nuova Simonelli.","og_url":"https:\/\/nuovasimonelli.com\/fr\/search\/","og_site_name":"Nuova Simonelli","article_modified_time":"2025-07-04T10:27:12+00:00","twitter_card":"summary_large_image","schema":{"@context":"https:\/\/schema.org","@graph":[{"@type":"WebPage","@id":"https:\/\/nuovasimonelli.com\/fr\/search\/","url":"https:\/\/nuovasimonelli.com\/fr\/search\/","name":"Rechercher - Nuova Simonelli","isPartOf":{"@id":"https:\/\/nuovasimonelli.com\/fr\/#website"},"datePublished":"2025-05-20T12:46:10+00:00","dateModified":"2025-07-04T10:27:12+00:00","description":"Recherchez et d\u00e9couvrez les derni\u00e8res actualit\u00e9s, les mises \u00e0 jour exclusives et les histoires inspirantes de l'univers Nuova Simonelli.","breadcrumb":{"@id":"https:\/\/nuovasimonelli.com\/fr\/search\/#breadcrumb"},"inLanguage":"fr-FR","potentialAction":[{"@type":"ReadAction","target":["https:\/\/nuovasimonelli.com\/fr\/search\/"]}]},{"@type":"BreadcrumbList","@id":"https:\/\/nuovasimonelli.com\/fr\/search\/#breadcrumb","itemListElement":[{"@type":"ListItem","position":1,"name":"Home","item":"https:\/\/nuovasimonelli.com\/fr\/"},{"@type":"ListItem","position":2,"name":"Rechercher"}]},{"@type":"WebSite","@id":"https:\/\/nuovasimonelli.com\/fr\/#website","url":"https:\/\/nuovasimonelli.com\/fr\/","name":"Nuova Simonelli","description":"","potentialAction":[{"@type":"SearchAction","target":{"@type":"EntryPoint","urlTemplate":"https:\/\/nuovasimonelli.com\/fr\/?s={search_term_string}"},"query-input":{"@type":"PropertyValueSpecification","valueRequired":true,"valueName":"search_term_string"}}],"inLanguage":"fr-FR"}]}},"_links":{"self":[{"href":"https:\/\/nuovasimonelli.com\/fr\/wp-json\/wp\/v2\/pages\/7800","targetHints":{"allow":["GET"]}}],"collection":[{"href":"https:\/\/nuovasimonelli.com\/fr\/wp-json\/wp\/v2\/pages"}],"about":[{"href":"https:\/\/nuovasimonelli.com\/fr\/wp-json\/wp\/v2\/types\/page"}],"author":[{"embeddable":true,"href":"https:\/\/nuovasimonelli.com\/fr\/wp-json\/wp\/v2\/users\/1"}],"replies":[{"embeddable":true,"href":"https:\/\/nuovasimonelli.com\/fr\/wp-json\/wp\/v2\/comments?post=7800"}],"version-history":[{"count":1,"href":"https:\/\/nuovasimonelli.com\/fr\/wp-json\/wp\/v2\/pages\/7800\/revisions"}],"predecessor-version":[{"id":9578,"href":"https:\/\/nuovasimonelli.com\/fr\/wp-json\/wp\/v2\/pages\/7800\/revisions\/9578"}],"wp:attachment":[{"href":"https:\/\/nuovasimonelli.com\/fr\/wp-json\/wp\/v2\/media?parent=7800"}],"curies":[{"name":"wp","href":"https:\/\/api.w.org\/{rel}","templated":true}]}}