{"id":10517,"date":"2025-07-31T11:50:15","date_gmt":"2025-07-31T09:50:15","guid":{"rendered":"https:\/\/nuovasimonelli.com\/durabilite\/"},"modified":"2025-09-29T11:30:34","modified_gmt":"2025-09-29T09:30:34","slug":"durabilite","status":"publish","type":"page","link":"https:\/\/nuovasimonelli.com\/fr\/durabilite\/","title":{"rendered":"Durabilit\u00e9"},"content":{"rendered":"","protected":false},"excerpt":{"rendered":"","protected":false},"author":2,"featured_media":0,"parent":0,"menu_order":0,"comment_status":"closed","ping_status":"closed","template":"templates\/technology.php","meta":{"_acf_changed":false,"inline_featured_image":false},"class_list":["post-10517","page","type-page","status-publish","hentry"],"acf":{"technology_hero_img":{"ID":10338,"id":10338,"title":"pexels-ketut-subiyanto-4349844 (1) (2) (1)","filename":"pexels-ketut-subiyanto-4349844-1-2-1-e1753625812552.png","filesize":435935,"url":"https:\/\/nuovasimonelli.com\/wp-content\/uploads\/sites\/2\/2025\/07\/pexels-ketut-subiyanto-4349844-1-2-1-e1753625812552.png","link":"https:\/\/nuovasimonelli.com\/fr\/durabilite\/pexels-ketut-subiyanto-4349844-1-2-1-2\/","alt":"","author":"2","description":"","caption":"","name":"pexels-ketut-subiyanto-4349844-1-2-1-2","status":"inherit","uploaded_to":10517,"date":"2025-07-27 14:16:26","modified":"2025-09-29 09:14:17","menu_order":0,"mime_type":"image\/png","type":"image","subtype":"png","icon":"https:\/\/nuovasimonelli.com\/wp-includes\/images\/media\/default.png","width":1495,"height":1404,"sizes":{"thumbnail":"https:\/\/nuovasimonelli.com\/wp-content\/uploads\/sites\/2\/2025\/07\/pexels-ketut-subiyanto-4349844-1-2-1-150x150.png","thumbnail-width":150,"thumbnail-height":150,"medium":"https:\/\/nuovasimonelli.com\/wp-content\/uploads\/sites\/2\/2025\/07\/pexels-ketut-subiyanto-4349844-1-2-1-300x282.png","medium-width":300,"medium-height":282,"medium_large":"https:\/\/nuovasimonelli.com\/wp-content\/uploads\/sites\/2\/2025\/07\/pexels-ketut-subiyanto-4349844-1-2-1-768x721.png","medium_large-width":768,"medium_large-height":721,"large":"https:\/\/nuovasimonelli.com\/wp-content\/uploads\/sites\/2\/2025\/07\/pexels-ketut-subiyanto-4349844-1-2-1-1024x962.png","large-width":1024,"large-height":962,"1536x1536":"https:\/\/nuovasimonelli.com\/wp-content\/uploads\/sites\/2\/2025\/07\/pexels-ketut-subiyanto-4349844-1-2-1-e1753625812552.png","1536x1536-width":1495,"1536x1536-height":1404,"2048x2048":"https:\/\/nuovasimonelli.com\/wp-content\/uploads\/sites\/2\/2025\/07\/pexels-ketut-subiyanto-4349844-1-2-1-e1753625812552.png","2048x2048-width":1495,"2048x2048-height":1404}},"technology_blocks":[{"acf_fc_layout":"banner","id":"","title":"Innovation durable pour un impact responsable","description":"<p>L&rsquo;innovation durable est le principe central de la philosophie de conception Nuova Simonelli. Chaque solution, technologie et mat\u00e9riau est d\u00e9velopp\u00e9 pour <strong>am\u00e9liorer le flux de travail du barista<\/strong>, <strong>r\u00e9duire au minimum les gaspillages<\/strong> et <strong>maximiser l&rsquo;efficacit\u00e9 \u00e9nerg\u00e9tique<\/strong>. <\/p>\n<p>Nos machines \u00e0 espresso et nos moulins \u00e0 caf\u00e9 sont con\u00e7us pour garantir une qualit\u00e9 constante en tasse, am\u00e9liorer la rentabilit\u00e9 de l&rsquo;entreprise et r\u00e9duire l&rsquo;impact environnemental.<\/p>\n<p>Cette approche a fait de Nuova Simonelli l&rsquo;une des premi\u00e8res marques \u00e0 se conformer aux principaux standards internationaux de construction durable \u2014 LEED, BREEAM, WELL, Estidama et autres \u2014 aidant nos partenaires \u00e0 construire des activit\u00e9s v\u00e9ritablement durables.<\/p>\n"},{"acf_fc_layout":"split","id":"LCA","title":"<p><span style=\"color: var(--c-accent,red);\">LCA<\/span><br \/>\n(Life Cycle Assessment)<\/p>\n","description":"<p>LCA est une m\u00e9thodologie standardis\u00e9e permettant d&rsquo;\u00e9valuer l&rsquo;impact environnemental et sanitaire d&rsquo;un produit tout au long de son cycle de vie.<br \/>\nGr\u00e2ce \u00e0 des \u00e9tudes LCA men\u00e9es sur chaque produit, nous avons con\u00e7u les composants et optimis\u00e9 les performances des machines afin de r\u00e9duire les \u00e9missions de CO\u2082 et la consommation d&rsquo;\u00e9nergie.<\/p>\n","link":null,"full_height":true,"flipped":false,"overflow":true,"img":{"ID":10442,"id":10442,"title":"AppiaLifeTimer_3grAlti_rosso_34 copia","filename":"AppiaLifeTimer_3grAlti_rosso_34-copia-e1758634359990.png","filesize":4285132,"url":"https:\/\/nuovasimonelli.com\/wp-content\/uploads\/sites\/2\/2025\/09\/AppiaLifeTimer_3grAlti_rosso_34-copia-e1758634359990.png","link":"https:\/\/nuovasimonelli.com\/fr\/durabilite\/appialifetimer_3gralti_rosso_34-copia-2\/","alt":"","author":"2","description":"","caption":"","name":"appialifetimer_3gralti_rosso_34-copia-2","status":"inherit","uploaded_to":10517,"date":"2025-09-23 13:22:05","modified":"2025-09-29 09:14:17","menu_order":0,"mime_type":"image\/png","type":"image","subtype":"png","icon":"https:\/\/nuovasimonelli.com\/wp-includes\/images\/media\/default.png","width":6305,"height":4209,"sizes":{"thumbnail":"https:\/\/nuovasimonelli.com\/wp-content\/uploads\/sites\/2\/2025\/09\/AppiaLifeTimer_3grAlti_rosso_34-copia-150x150.png","thumbnail-width":150,"thumbnail-height":150,"medium":"https:\/\/nuovasimonelli.com\/wp-content\/uploads\/sites\/2\/2025\/09\/AppiaLifeTimer_3grAlti_rosso_34-copia-300x200.png","medium-width":300,"medium-height":200,"medium_large":"https:\/\/nuovasimonelli.com\/wp-content\/uploads\/sites\/2\/2025\/09\/AppiaLifeTimer_3grAlti_rosso_34-copia-768x513.png","medium_large-width":768,"medium_large-height":513,"large":"https:\/\/nuovasimonelli.com\/wp-content\/uploads\/sites\/2\/2025\/09\/AppiaLifeTimer_3grAlti_rosso_34-copia-1024x684.png","large-width":1024,"large-height":684,"1536x1536":"https:\/\/nuovasimonelli.com\/wp-content\/uploads\/sites\/2\/2025\/09\/AppiaLifeTimer_3grAlti_rosso_34-copia-1536x1025.png","1536x1536-width":1536,"1536x1536-height":1025,"2048x2048":"https:\/\/nuovasimonelli.com\/wp-content\/uploads\/sites\/2\/2025\/09\/AppiaLifeTimer_3grAlti_rosso_34-copia-2048x1367.png","2048x2048-width":2048,"2048x2048-height":1367}}},{"acf_fc_layout":"features","id":"","groups":[{"title":"Am\u00e9lioration des performances environnementales et \u00e9nerg\u00e9tiques \u2013 NUOVA Aurelia vs Aurelia Wave","voices":[{"name":"Consommation \u00e9nerg\u00e9tique : -42 %"},{"name":"Impact environnemental : -18 %"},{"name":"-65 kg CO\u2082 (chaudi\u00e8re caf\u00e9)"},{"name":"-75 kg CO\u2082 (chaudi\u00e8re vapeur)"}]},{"title":"Am\u00e9lioration des performances environnementales et \u00e9nerg\u00e9tiques \u2013 Appia Life vs Appia II","voices":[{"name":"Consommation \u00e9nerg\u00e9tique : -13 %"},{"name":"Impact environnemental : -20 %"}]}]},{"acf_fc_layout":"banner","id":"","title":"","description":"<p><span style=\"color: var(--c-accent,red);\">Standard sur tous les mod\u00e8les<\/span> con\u00e7us selon les crit\u00e8res de durabilit\u00e9 les plus r\u00e9cents<\/p>\n<p><span style=\"text-decoration: underline;\"><a href=\"https:\/\/nuovasimonelli.com\/compare\/\"><span style=\"color: var(--c-accent,red); text-decoration: underline;\">EN SAVOIR PLUS<\/span><\/a><\/span><\/p>\n<p>\u00a0<\/p>\n"},{"acf_fc_layout":"split","id":"MP","title":"<p><span style=\"color: var(--c-accent,red);\">MP<\/span><br \/>\n(Maximum Performance Technology)<\/p>\n","description":"<p data-start=\"1669\" data-end=\"1866\">Le syst\u00e8me MP utilise une technologie multichaudi\u00e8re avec contr\u00f4le de la temp\u00e9rature et chauffage instantan\u00e9 pour optimiser l&rsquo;utilisation de l&rsquo;\u00e9nergie sans compromettre les performances.<\/p>\n<p data-start=\"1669\" data-end=\"1866\">Les chaudi\u00e8res au volume compact sont isol\u00e9es et rev\u00eatues de mat\u00e9riaux innovants pour \u00e9viter la d\u00e9perdition de chaleur et maximiser l&rsquo;efficacit\u00e9. Le barista r\u00e8gle la temp\u00e9rature \u2014 la machine fait le reste. <\/p>\n","link":null,"full_height":true,"flipped":true,"overflow":true,"img":{"ID":10014,"id":10014,"title":"NUOVAAurelia_MP_2gr_raised_front_black-min","filename":"NUOVAAurelia_MP_2gr_raised_front_black-min-e1752437811233.png","filesize":15067500,"url":"https:\/\/nuovasimonelli.com\/wp-content\/uploads\/sites\/2\/2025\/07\/NUOVAAurelia_MP_2gr_raised_front_black-min-e1752437811233.png","link":"https:\/\/nuovasimonelli.com\/fr\/technologie\/nuovaaurelia_mp_2gr_raised_front_black-min-2\/","alt":"","author":"2","description":"","caption":"","name":"nuovaaurelia_mp_2gr_raised_front_black-min-2","status":"inherit","uploaded_to":7944,"date":"2025-07-13 19:58:45","modified":"2025-07-13 19:58:45","menu_order":0,"mime_type":"image\/png","type":"image","subtype":"png","icon":"https:\/\/nuovasimonelli.com\/wp-includes\/images\/media\/default.png","width":8256,"height":5504,"sizes":{"thumbnail":"https:\/\/nuovasimonelli.com\/wp-content\/uploads\/sites\/2\/2025\/07\/NUOVAAurelia_MP_2gr_raised_front_black-min-150x150.png","thumbnail-width":150,"thumbnail-height":150,"medium":"https:\/\/nuovasimonelli.com\/wp-content\/uploads\/sites\/2\/2025\/07\/NUOVAAurelia_MP_2gr_raised_front_black-min-300x200.png","medium-width":300,"medium-height":200,"medium_large":"https:\/\/nuovasimonelli.com\/wp-content\/uploads\/sites\/2\/2025\/07\/NUOVAAurelia_MP_2gr_raised_front_black-min-768x512.png","medium_large-width":768,"medium_large-height":512,"large":"https:\/\/nuovasimonelli.com\/wp-content\/uploads\/sites\/2\/2025\/07\/NUOVAAurelia_MP_2gr_raised_front_black-min-1024x683.png","large-width":1024,"large-height":683,"1536x1536":"https:\/\/nuovasimonelli.com\/wp-content\/uploads\/sites\/2\/2025\/07\/NUOVAAurelia_MP_2gr_raised_front_black-min-1536x1024.png","1536x1536-width":1536,"1536x1536-height":1024,"2048x2048":"https:\/\/nuovasimonelli.com\/wp-content\/uploads\/sites\/2\/2025\/07\/NUOVAAurelia_MP_2gr_raised_front_black-min-2048x1365.png","2048x2048-width":2048,"2048x2048-height":1365}}},{"acf_fc_layout":"features","id":"","groups":[{"title":"Caract\u00e9ristiques principales","voices":[{"name":"Syst\u00e8me multichaudi\u00e8re avec chauffage instantan\u00e9"},{"name":"Chaudi\u00e8res compactes en acier inoxydable, isol\u00e9es"},{"name":"Contr\u00f4le de la temp\u00e9rature via l'\u00e9cran principal"}]},{"title":"Avantages","voices":[{"name":"Stabilit\u00e9 de temp\u00e9rature en phase d'extraction"},{"name":"Consistance maximale en tasse"},{"name":"\u00c9conomie d'\u00e9nergie"},{"name":"Impact environnemental moindre"}]},{"title":"Am\u00e9liorations des performances","voices":[{"name":"NUOVA Aurelia vs Aurelia Wave"},{"name":""},{"name":"Consommation \u00e9nerg\u00e9tique : -42 %"},{"name":"Impact environnemental : -18 %"},{"name":"-65 kg CO\u2082 (chaudi\u00e8re caf\u00e9)"},{"name":"-75 kg CO\u2082 (chaudi\u00e8re vapeur)"}]}]},{"acf_fc_layout":"banner_cta","id":"","flipped":false,"img":{"ID":10397,"id":10397,"title":"new","filename":"new.png","filesize":780548,"url":"https:\/\/nuovasimonelli.com\/wp-content\/uploads\/sites\/2\/2025\/08\/new.png","link":"https:\/\/nuovasimonelli.com\/fr\/durabilite\/new-2\/","alt":"","author":"2","description":"","caption":"","name":"new-2","status":"inherit","uploaded_to":10517,"date":"2025-08-26 09:32:41","modified":"2025-09-29 09:14:17","menu_order":0,"mime_type":"image\/png","type":"image","subtype":"png","icon":"https:\/\/nuovasimonelli.com\/wp-includes\/images\/media\/default.png","width":1536,"height":848,"sizes":{"thumbnail":"https:\/\/nuovasimonelli.com\/wp-content\/uploads\/sites\/2\/2025\/08\/new-150x150.png","thumbnail-width":150,"thumbnail-height":150,"medium":"https:\/\/nuovasimonelli.com\/wp-content\/uploads\/sites\/2\/2025\/08\/new-300x166.png","medium-width":300,"medium-height":166,"medium_large":"https:\/\/nuovasimonelli.com\/wp-content\/uploads\/sites\/2\/2025\/08\/new-768x424.png","medium_large-width":768,"medium_large-height":424,"large":"https:\/\/nuovasimonelli.com\/wp-content\/uploads\/sites\/2\/2025\/08\/new-1024x565.png","large-width":1024,"large-height":565,"1536x1536":"https:\/\/nuovasimonelli.com\/wp-content\/uploads\/sites\/2\/2025\/08\/new.png","1536x1536-width":1536,"1536x1536-height":848,"2048x2048":"https:\/\/nuovasimonelli.com\/wp-content\/uploads\/sites\/2\/2025\/08\/new.png","2048x2048-width":1536,"2048x2048-height":848}},"title":"<p>Compatible avec :<br \/>\n<span style=\"color: var(--c-accent,red);\">NUOVA Aurelia MP<\/span><\/p>\n","link":{"title":"NUOVA Aurelia MP","url":"https:\/\/nuovasimonelli.com\/machine\/nuova-aurelia\/#mp","target":""}},{"acf_fc_layout":"split","id":"GESTION DE L'\u00c9NERGIE","title":"<p><span style=\"color: var(--c-accent,red);\">SYST\u00c8ME DE GESTION DE L&rsquo;\u00c9NERGIE<\/span><\/p>\n","description":"<p>Le syst\u00e8me de gestion de l&rsquo;\u00e9nergie adapte le fonctionnement de la machine aux rythmes r\u00e9els de l&rsquo;activit\u00e9, optimisant l&rsquo;utilisation de la puissance pendant toute la journ\u00e9e et la semaine.<\/p>\n","link":null,"full_height":true,"flipped":false,"overflow":true,"img":{"ID":10452,"id":10452,"title":"DSC00127-Modifica","filename":"DSC00127-Modifica-e1758634695589.jpg","filesize":5250163,"url":"https:\/\/nuovasimonelli.com\/wp-content\/uploads\/sites\/2\/2025\/09\/DSC00127-Modifica-e1758634695589.jpg","link":"https:\/\/nuovasimonelli.com\/fr\/durabilite\/dsc00127-modifica-2\/","alt":"","author":"2","description":"","caption":"","name":"dsc00127-modifica-2","status":"inherit","uploaded_to":10517,"date":"2025-09-23 13:37:42","modified":"2025-09-29 09:14:17","menu_order":0,"mime_type":"image\/jpeg","type":"image","subtype":"jpeg","icon":"https:\/\/nuovasimonelli.com\/wp-includes\/images\/media\/default.png","width":5760,"height":8640,"sizes":{"thumbnail":"https:\/\/nuovasimonelli.com\/wp-content\/uploads\/sites\/2\/2025\/09\/DSC00127-Modifica-150x150.jpg","thumbnail-width":150,"thumbnail-height":150,"medium":"https:\/\/nuovasimonelli.com\/wp-content\/uploads\/sites\/2\/2025\/09\/DSC00127-Modifica-200x300.jpg","medium-width":200,"medium-height":300,"medium_large":"https:\/\/nuovasimonelli.com\/wp-content\/uploads\/sites\/2\/2025\/09\/DSC00127-Modifica-768x1152.jpg","medium_large-width":768,"medium_large-height":1152,"large":"https:\/\/nuovasimonelli.com\/wp-content\/uploads\/sites\/2\/2025\/09\/DSC00127-Modifica-683x1024.jpg","large-width":683,"large-height":1024,"1536x1536":"https:\/\/nuovasimonelli.com\/wp-content\/uploads\/sites\/2\/2025\/09\/DSC00127-Modifica-1024x1536.jpg","1536x1536-width":1024,"1536x1536-height":1536,"2048x2048":"https:\/\/nuovasimonelli.com\/wp-content\/uploads\/sites\/2\/2025\/09\/DSC00127-Modifica-1365x2048.jpg","2048x2048-width":1365,"2048x2048-height":2048}}},{"acf_fc_layout":"features","id":"","groups":[{"title":"Caract\u00e9ristiques et avantages","voices":[{"name":"Programmation hebdomadaire et journali\u00e8re pour r\u00e9duire les consommations"},{"name":"Extinction des groupes pendant les heures de faible volume"},{"name":"Mode veille de la chaudi\u00e8re vapeur pendant les phases d'\u00e9conomie d'\u00e9nergie"}]}]},{"acf_fc_layout":"banner","id":"","title":"","description":"<p><span style=\"color: var(--c-accent,red);\">Standard sur tous les mod\u00e8les<\/span> <span style=\"color: var(--c-accent,red);\">professionnels<\/span> avec \u00e9lectronique avanc\u00e9e<\/p>\n<p><span style=\"text-decoration: underline;\"><a href=\"https:\/\/nuovasimonelli.com\/compare\/\"><span style=\"color: var(--c-accent,red); text-decoration: underline;\">EN SAVOIR PLUS<\/span><\/a><\/span><\/p>\n"},{"acf_fc_layout":"split","id":"ISOLATION DES CHAUDI\u00c8RES","title":"<p><span style=\"color: var(--c-accent,red);\">ISOLATION DES CHAUDI\u00c8RES<\/span><\/p>\n","description":"<p>Nos solutions d&rsquo;isolation avanc\u00e9e maintiennent stable la temp\u00e9rature dans les chaudi\u00e8res et r\u00e9duisent significativement la d\u00e9perdition thermique \u2014 garantissant des performances de haut niveau et une efficacit\u00e9 \u00e9nerg\u00e9tique.<\/p>\n","link":null,"full_height":true,"flipped":true,"overflow":true,"img":{"ID":10414,"id":10414,"title":"IMAGES APPIA LIFE DETAILS","filename":"MMFC7559.jpg","filesize":2454102,"url":"https:\/\/nuovasimonelli.com\/wp-content\/uploads\/sites\/2\/2025\/08\/MMFC7559.jpg","link":"https:\/\/nuovasimonelli.com\/fr\/durabilite\/images-appia-life-details-2\/","alt":"","author":"2","description":"","caption":"IMAGES APPIA LIFE DETAILS","name":"images-appia-life-details-2","status":"inherit","uploaded_to":10517,"date":"2025-08-26 09:40:55","modified":"2025-09-29 09:14:17","menu_order":0,"mime_type":"image\/jpeg","type":"image","subtype":"jpeg","icon":"https:\/\/nuovasimonelli.com\/wp-includes\/images\/media\/default.png","width":5061,"height":4008,"sizes":{"thumbnail":"https:\/\/nuovasimonelli.com\/wp-content\/uploads\/sites\/2\/2025\/08\/MMFC7559-150x150.jpg","thumbnail-width":150,"thumbnail-height":150,"medium":"https:\/\/nuovasimonelli.com\/wp-content\/uploads\/sites\/2\/2025\/08\/MMFC7559-300x238.jpg","medium-width":300,"medium-height":238,"medium_large":"https:\/\/nuovasimonelli.com\/wp-content\/uploads\/sites\/2\/2025\/08\/MMFC7559-768x608.jpg","medium_large-width":768,"medium_large-height":608,"large":"https:\/\/nuovasimonelli.com\/wp-content\/uploads\/sites\/2\/2025\/08\/MMFC7559-1024x811.jpg","large-width":1024,"large-height":811,"1536x1536":"https:\/\/nuovasimonelli.com\/wp-content\/uploads\/sites\/2\/2025\/08\/MMFC7559-1536x1216.jpg","1536x1536-width":1536,"1536x1536-height":1216,"2048x2048":"https:\/\/nuovasimonelli.com\/wp-content\/uploads\/sites\/2\/2025\/08\/MMFC7559-2048x1622.jpg","2048x2048-width":2048,"2048x2048-height":1622}}},{"acf_fc_layout":"features","id":"","groups":[{"title":"Avantages","voices":[{"name":"Jusqu'\u00e0 54 % d'\u00e9conomie d'\u00e9nergie par rapport aux chaudi\u00e8res non isol\u00e9es (selon les mat\u00e9riaux utilis\u00e9s)"}]}]},{"acf_fc_layout":"banner","id":"","title":"","description":"<p><span style=\"color: var(--c-accent,red);\">Standard sur toutes les machines professionnelles<\/span> de derni\u00e8re g\u00e9n\u00e9ration<\/p>\n<p><span style=\"text-decoration: underline;\"><a href=\"https:\/\/nuovasimonelli.com\/compare\/\"><span style=\"color: var(--c-accent,red); text-decoration: underline;\">EN SAVOIR PLUS<\/span><\/a><\/span><\/p>\n"}],"technology_hero_pretitle":"VALEURS","technology_hero_title":"Durabilit\u00e9"},"yoast_head":"<!-- This site is optimized with the Yoast SEO plugin v27.4 - https:\/\/yoast.com\/product\/yoast-seo-wordpress\/ -->\n<title>Durabilit\u00e9 - Nuova Simonelli<\/title>\n<meta name=\"description\" content=\"D\u00e9couvrez l&#039;engagement durable de Nuova Simonelli : innovation, recherche et responsabilit\u00e9 environnementale pour des machines \u00e0 caf\u00e9 professionnelles efficaces et \u00e0 faible impact.\" \/>\n<meta name=\"robots\" content=\"index, follow, max-snippet:-1, max-image-preview:large, max-video-preview:-1\" \/>\n<link rel=\"canonical\" href=\"https:\/\/nuovasimonelli.com\/fr\/durabilite\/\" \/>\n<meta property=\"og:locale\" content=\"fr_FR\" \/>\n<meta property=\"og:type\" content=\"article\" \/>\n<meta property=\"og:title\" content=\"Durabilit\u00e9 - Nuova Simonelli\" \/>\n<meta property=\"og:description\" content=\"D\u00e9couvrez l&#039;engagement durable de Nuova Simonelli : innovation, recherche et responsabilit\u00e9 environnementale pour des machines \u00e0 caf\u00e9 professionnelles efficaces et \u00e0 faible impact.\" \/>\n<meta property=\"og:url\" content=\"https:\/\/nuovasimonelli.com\/fr\/durabilite\/\" \/>\n<meta property=\"og:site_name\" content=\"Nuova Simonelli\" \/>\n<meta property=\"article:modified_time\" content=\"2025-09-29T09:30:34+00:00\" \/>\n<meta name=\"twitter:card\" content=\"summary_large_image\" \/>\n<script type=\"application\/ld+json\" class=\"yoast-schema-graph\">{\"@context\":\"https:\\\/\\\/schema.org\",\"@graph\":[{\"@type\":\"WebPage\",\"@id\":\"https:\\\/\\\/nuovasimonelli.com\\\/fr\\\/durabilite\\\/\",\"url\":\"https:\\\/\\\/nuovasimonelli.com\\\/fr\\\/durabilite\\\/\",\"name\":\"Durabilit\u00e9 - Nuova Simonelli\",\"isPartOf\":{\"@id\":\"https:\\\/\\\/nuovasimonelli.com\\\/fr\\\/#website\"},\"datePublished\":\"2025-07-31T09:50:15+00:00\",\"dateModified\":\"2025-09-29T09:30:34+00:00\",\"description\":\"D\u00e9couvrez l'engagement durable de Nuova Simonelli : innovation, recherche et responsabilit\u00e9 environnementale pour des machines \u00e0 caf\u00e9 professionnelles efficaces et \u00e0 faible impact.\",\"breadcrumb\":{\"@id\":\"https:\\\/\\\/nuovasimonelli.com\\\/fr\\\/durabilite\\\/#breadcrumb\"},\"inLanguage\":\"fr-FR\",\"potentialAction\":[{\"@type\":\"ReadAction\",\"target\":[\"https:\\\/\\\/nuovasimonelli.com\\\/fr\\\/durabilite\\\/\"]}]},{\"@type\":\"BreadcrumbList\",\"@id\":\"https:\\\/\\\/nuovasimonelli.com\\\/fr\\\/durabilite\\\/#breadcrumb\",\"itemListElement\":[{\"@type\":\"ListItem\",\"position\":1,\"name\":\"Home\",\"item\":\"https:\\\/\\\/nuovasimonelli.com\\\/fr\\\/\"},{\"@type\":\"ListItem\",\"position\":2,\"name\":\"Durabilit\u00e9\"}]},{\"@type\":\"WebSite\",\"@id\":\"https:\\\/\\\/nuovasimonelli.com\\\/fr\\\/#website\",\"url\":\"https:\\\/\\\/nuovasimonelli.com\\\/fr\\\/\",\"name\":\"Nuova Simonelli\",\"description\":\"\",\"potentialAction\":[{\"@type\":\"SearchAction\",\"target\":{\"@type\":\"EntryPoint\",\"urlTemplate\":\"https:\\\/\\\/nuovasimonelli.com\\\/fr\\\/?s={search_term_string}\"},\"query-input\":{\"@type\":\"PropertyValueSpecification\",\"valueRequired\":true,\"valueName\":\"search_term_string\"}}],\"inLanguage\":\"fr-FR\"}]}<\/script>\n<!-- \/ Yoast SEO plugin. -->","yoast_head_json":{"title":"Durabilit\u00e9 - Nuova Simonelli","description":"D\u00e9couvrez l'engagement durable de Nuova Simonelli : innovation, recherche et responsabilit\u00e9 environnementale pour des machines \u00e0 caf\u00e9 professionnelles efficaces et \u00e0 faible impact.","robots":{"index":"index","follow":"follow","max-snippet":"max-snippet:-1","max-image-preview":"max-image-preview:large","max-video-preview":"max-video-preview:-1"},"canonical":"https:\/\/nuovasimonelli.com\/fr\/durabilite\/","og_locale":"fr_FR","og_type":"article","og_title":"Durabilit\u00e9 - Nuova Simonelli","og_description":"D\u00e9couvrez l'engagement durable de Nuova Simonelli : innovation, recherche et responsabilit\u00e9 environnementale pour des machines \u00e0 caf\u00e9 professionnelles efficaces et \u00e0 faible impact.","og_url":"https:\/\/nuovasimonelli.com\/fr\/durabilite\/","og_site_name":"Nuova Simonelli","article_modified_time":"2025-09-29T09:30:34+00:00","twitter_card":"summary_large_image","schema":{"@context":"https:\/\/schema.org","@graph":[{"@type":"WebPage","@id":"https:\/\/nuovasimonelli.com\/fr\/durabilite\/","url":"https:\/\/nuovasimonelli.com\/fr\/durabilite\/","name":"Durabilit\u00e9 - Nuova Simonelli","isPartOf":{"@id":"https:\/\/nuovasimonelli.com\/fr\/#website"},"datePublished":"2025-07-31T09:50:15+00:00","dateModified":"2025-09-29T09:30:34+00:00","description":"D\u00e9couvrez l'engagement durable de Nuova Simonelli : innovation, recherche et responsabilit\u00e9 environnementale pour des machines \u00e0 caf\u00e9 professionnelles efficaces et \u00e0 faible impact.","breadcrumb":{"@id":"https:\/\/nuovasimonelli.com\/fr\/durabilite\/#breadcrumb"},"inLanguage":"fr-FR","potentialAction":[{"@type":"ReadAction","target":["https:\/\/nuovasimonelli.com\/fr\/durabilite\/"]}]},{"@type":"BreadcrumbList","@id":"https:\/\/nuovasimonelli.com\/fr\/durabilite\/#breadcrumb","itemListElement":[{"@type":"ListItem","position":1,"name":"Home","item":"https:\/\/nuovasimonelli.com\/fr\/"},{"@type":"ListItem","position":2,"name":"Durabilit\u00e9"}]},{"@type":"WebSite","@id":"https:\/\/nuovasimonelli.com\/fr\/#website","url":"https:\/\/nuovasimonelli.com\/fr\/","name":"Nuova Simonelli","description":"","potentialAction":[{"@type":"SearchAction","target":{"@type":"EntryPoint","urlTemplate":"https:\/\/nuovasimonelli.com\/fr\/?s={search_term_string}"},"query-input":{"@type":"PropertyValueSpecification","valueRequired":true,"valueName":"search_term_string"}}],"inLanguage":"fr-FR"}]}},"_links":{"self":[{"href":"https:\/\/nuovasimonelli.com\/fr\/wp-json\/wp\/v2\/pages\/10517","targetHints":{"allow":["GET"]}}],"collection":[{"href":"https:\/\/nuovasimonelli.com\/fr\/wp-json\/wp\/v2\/pages"}],"about":[{"href":"https:\/\/nuovasimonelli.com\/fr\/wp-json\/wp\/v2\/types\/page"}],"author":[{"embeddable":true,"href":"https:\/\/nuovasimonelli.com\/fr\/wp-json\/wp\/v2\/users\/2"}],"replies":[{"embeddable":true,"href":"https:\/\/nuovasimonelli.com\/fr\/wp-json\/wp\/v2\/comments?post=10517"}],"version-history":[{"count":1,"href":"https:\/\/nuovasimonelli.com\/fr\/wp-json\/wp\/v2\/pages\/10517\/revisions"}],"predecessor-version":[{"id":10518,"href":"https:\/\/nuovasimonelli.com\/fr\/wp-json\/wp\/v2\/pages\/10517\/revisions\/10518"}],"wp:attachment":[{"href":"https:\/\/nuovasimonelli.com\/fr\/wp-json\/wp\/v2\/media?parent=10517"}],"curies":[{"name":"wp","href":"https:\/\/api.w.org\/{rel}","templated":true}]}}