{"id":10514,"date":"2025-07-31T11:50:15","date_gmt":"2025-07-31T09:50:15","guid":{"rendered":"https:\/\/nuovasimonelli.com\/sostenibilidad\/"},"modified":"2025-07-31T11:50:15","modified_gmt":"2025-07-31T09:50:15","slug":"sostenibilidad","status":"publish","type":"page","link":"https:\/\/nuovasimonelli.com\/es\/sostenibilidad\/","title":{"rendered":"Sostenibilidad"},"content":{"rendered":"","protected":false},"excerpt":{"rendered":"","protected":false},"author":2,"featured_media":0,"parent":0,"menu_order":0,"comment_status":"closed","ping_status":"closed","template":"templates\/technology.php","meta":{"_acf_changed":false,"inline_featured_image":false},"class_list":["post-10514","page","type-page","status-publish","hentry"],"acf":{"technology_hero_img":{"ID":10340,"id":10340,"title":"pexels-ketut-subiyanto-4349844 (1) (2) (1)","filename":"pexels-ketut-subiyanto-4349844-1-2-1-e1753625812552.png","filesize":435935,"url":"https:\/\/nuovasimonelli.com\/wp-content\/uploads\/sites\/2\/2025\/07\/pexels-ketut-subiyanto-4349844-1-2-1-e1753625812552.png","link":"https:\/\/nuovasimonelli.com\/es\/sostenibilidad\/pexels-ketut-subiyanto-4349844-1-2-1-2\/","alt":"","author":"2","description":"","caption":"","name":"pexels-ketut-subiyanto-4349844-1-2-1-2","status":"inherit","uploaded_to":10514,"date":"2025-07-27 14:16:26","modified":"2025-09-29 09:14:06","menu_order":0,"mime_type":"image\/png","type":"image","subtype":"png","icon":"https:\/\/nuovasimonelli.com\/wp-includes\/images\/media\/default.png","width":1495,"height":1404,"sizes":{"thumbnail":"https:\/\/nuovasimonelli.com\/wp-content\/uploads\/sites\/2\/2025\/07\/pexels-ketut-subiyanto-4349844-1-2-1-150x150.png","thumbnail-width":150,"thumbnail-height":150,"medium":"https:\/\/nuovasimonelli.com\/wp-content\/uploads\/sites\/2\/2025\/07\/pexels-ketut-subiyanto-4349844-1-2-1-300x282.png","medium-width":300,"medium-height":282,"medium_large":"https:\/\/nuovasimonelli.com\/wp-content\/uploads\/sites\/2\/2025\/07\/pexels-ketut-subiyanto-4349844-1-2-1-768x721.png","medium_large-width":768,"medium_large-height":721,"large":"https:\/\/nuovasimonelli.com\/wp-content\/uploads\/sites\/2\/2025\/07\/pexels-ketut-subiyanto-4349844-1-2-1-1024x962.png","large-width":1024,"large-height":962,"1536x1536":"https:\/\/nuovasimonelli.com\/wp-content\/uploads\/sites\/2\/2025\/07\/pexels-ketut-subiyanto-4349844-1-2-1-e1753625812552.png","1536x1536-width":1495,"1536x1536-height":1404,"2048x2048":"https:\/\/nuovasimonelli.com\/wp-content\/uploads\/sites\/2\/2025\/07\/pexels-ketut-subiyanto-4349844-1-2-1-e1753625812552.png","2048x2048-width":1495,"2048x2048-height":1404}},"technology_blocks":[{"acf_fc_layout":"banner","id":"","title":"Innovaci\u00f3n sostenible para un impacto responsable","description":"<p>La innovaci\u00f3n sostenible es el principio central de la filosof\u00eda de dise\u00f1o de Nuova Simonelli. Cada soluci\u00f3n, tecnolog\u00eda y material se desarrolla para <strong>mejorar el flujo de trabajo del barista<\/strong>, <strong>reducir al m\u00ednimo los residuos<\/strong> y <strong>maximizar la eficiencia energ\u00e9tica<\/strong>. <\/p>\n<p>Nuestras m\u00e1quinas de espresso y molinillos de caf\u00e9 est\u00e1n dise\u00f1ados para garantizar una calidad constante en la taza, mejorar la rentabilidad del negocio y reducir el impacto ambiental.<\/p>\n<p>Este enfoque ha convertido a Nuova Simonelli en una de las primeras marcas en cumplir con los principales est\u00e1ndares internacionales de edificaci\u00f3n sostenible \u2014 LEED, BREEAM, WELL, Estidama y otros \u2014 ayudando a nuestros socios a construir actividades realmente sostenibles.<\/p>\n"},{"acf_fc_layout":"split","id":"LCA","title":"<p><span style=\"color: var(--c-accent,red);\">LCA<\/span><br \/>\n (Life Cycle Assessment)<\/p>\n","description":"<p>LCA es una metodolog\u00eda estandarizada para evaluar el impacto ambiental y en la salud humana de un producto a lo largo de todo su ciclo de vida.<\/p>\n<p>A trav\u00e9s de estudios LCA realizados en cada producto, hemos dise\u00f1ado los componentes y optimizado el rendimiento de las m\u00e1quinas para reducir las emisiones de CO\u2082 y el consumo energ\u00e9tico.<\/p>\n","link":null,"full_height":true,"flipped":false,"overflow":true,"img":{"ID":10444,"id":10444,"title":"AppiaLifeTimer_3grAlti_rosso_34 copia","filename":"AppiaLifeTimer_3grAlti_rosso_34-copia-e1758634359990.png","filesize":4285132,"url":"https:\/\/nuovasimonelli.com\/wp-content\/uploads\/sites\/2\/2025\/09\/AppiaLifeTimer_3grAlti_rosso_34-copia-e1758634359990.png","link":"https:\/\/nuovasimonelli.com\/es\/sostenibilidad\/appialifetimer_3gralti_rosso_34-copia-2\/","alt":"","author":"2","description":"","caption":"","name":"appialifetimer_3gralti_rosso_34-copia-2","status":"inherit","uploaded_to":10514,"date":"2025-09-23 13:22:05","modified":"2025-09-29 09:14:07","menu_order":0,"mime_type":"image\/png","type":"image","subtype":"png","icon":"https:\/\/nuovasimonelli.com\/wp-includes\/images\/media\/default.png","width":6305,"height":4209,"sizes":{"thumbnail":"https:\/\/nuovasimonelli.com\/wp-content\/uploads\/sites\/2\/2025\/09\/AppiaLifeTimer_3grAlti_rosso_34-copia-150x150.png","thumbnail-width":150,"thumbnail-height":150,"medium":"https:\/\/nuovasimonelli.com\/wp-content\/uploads\/sites\/2\/2025\/09\/AppiaLifeTimer_3grAlti_rosso_34-copia-300x200.png","medium-width":300,"medium-height":200,"medium_large":"https:\/\/nuovasimonelli.com\/wp-content\/uploads\/sites\/2\/2025\/09\/AppiaLifeTimer_3grAlti_rosso_34-copia-768x513.png","medium_large-width":768,"medium_large-height":513,"large":"https:\/\/nuovasimonelli.com\/wp-content\/uploads\/sites\/2\/2025\/09\/AppiaLifeTimer_3grAlti_rosso_34-copia-1024x684.png","large-width":1024,"large-height":684,"1536x1536":"https:\/\/nuovasimonelli.com\/wp-content\/uploads\/sites\/2\/2025\/09\/AppiaLifeTimer_3grAlti_rosso_34-copia-1536x1025.png","1536x1536-width":1536,"1536x1536-height":1025,"2048x2048":"https:\/\/nuovasimonelli.com\/wp-content\/uploads\/sites\/2\/2025\/09\/AppiaLifeTimer_3grAlti_rosso_34-copia-2048x1367.png","2048x2048-width":2048,"2048x2048-height":1367}}},{"acf_fc_layout":"features","id":"","groups":[{"title":"Mejora del rendimiento ambiental y energ\u00e9tico \u2013 NUOVA Aurelia vs Aurelia Wave","voices":[{"name":"Consumo energ\u00e9tico: -42%"},{"name":"Impacto ambiental: -18%"},{"name":"-65 kg CO\u2082 (caldera caf\u00e9)"},{"name":"-75 kg CO\u2082 (caldera vapor)"}]},{"title":"Mejora del rendimiento ambiental y energ\u00e9tico \u2013 Appia Life vs Appia II","voices":[{"name":"Consumo energ\u00e9tico: -13%"},{"name":"Impacto ambiental: -20%"}]}]},{"acf_fc_layout":"banner","id":"","title":"","description":"<p><span style=\"color: var(--c-accent,red);\">Est\u00e1ndar en todos los modelos<\/span> dise\u00f1ados seg\u00fan los criterios de sostenibilidad m\u00e1s recientes<\/p>\n<p><span style=\"text-decoration: underline;\"><a href=\"https:\/\/nuovasimonelli.com\/compare\/\"><span style=\"color: var(--c-accent,red); text-decoration: underline;\">DESCUBRE M\u00c1S<\/span><\/a><\/span><\/p>\n<p>\u00a0<\/p>\n"},{"acf_fc_layout":"split","id":"MP","title":"<p><span style=\"color: var(--c-accent,red);\">MP<\/span><br \/>\n (Maximum Performance Technology)<\/p>\n","description":"<p data-start=\"1669\" data-end=\"1866\">El sistema MP utiliza una tecnolog\u00eda multicaldera con control de la temperatura y calentamiento instant\u00e1neo para optimizar el uso de la energ\u00eda sin comprometer el rendimiento.<\/p>\n<p data-start=\"1669\" data-end=\"1866\">Las calderas de volumen compacto est\u00e1n aisladas y revestidas con materiales innovadores para evitar la dispersi\u00f3n del calor y maximizar la eficiencia. El barista ajusta la temperatura, la m\u00e1quina hace el resto. <\/p>\n","link":null,"full_height":true,"flipped":true,"overflow":true,"img":{"ID":10016,"id":10016,"title":"NUOVAAurelia_MP_2gr_raised_front_black-min","filename":"NUOVAAurelia_MP_2gr_raised_front_black-min-e1752437811233.png","filesize":15067500,"url":"https:\/\/nuovasimonelli.com\/wp-content\/uploads\/sites\/2\/2025\/07\/NUOVAAurelia_MP_2gr_raised_front_black-min-e1752437811233.png","link":"https:\/\/nuovasimonelli.com\/es\/tecnologia\/nuovaaurelia_mp_2gr_raised_front_black-min-2\/","alt":"","author":"2","description":"","caption":"","name":"nuovaaurelia_mp_2gr_raised_front_black-min-2","status":"inherit","uploaded_to":9543,"date":"2025-07-13 19:58:45","modified":"2025-07-13 19:58:45","menu_order":0,"mime_type":"image\/png","type":"image","subtype":"png","icon":"https:\/\/nuovasimonelli.com\/wp-includes\/images\/media\/default.png","width":8256,"height":5504,"sizes":{"thumbnail":"https:\/\/nuovasimonelli.com\/wp-content\/uploads\/sites\/2\/2025\/07\/NUOVAAurelia_MP_2gr_raised_front_black-min-150x150.png","thumbnail-width":150,"thumbnail-height":150,"medium":"https:\/\/nuovasimonelli.com\/wp-content\/uploads\/sites\/2\/2025\/07\/NUOVAAurelia_MP_2gr_raised_front_black-min-300x200.png","medium-width":300,"medium-height":200,"medium_large":"https:\/\/nuovasimonelli.com\/wp-content\/uploads\/sites\/2\/2025\/07\/NUOVAAurelia_MP_2gr_raised_front_black-min-768x512.png","medium_large-width":768,"medium_large-height":512,"large":"https:\/\/nuovasimonelli.com\/wp-content\/uploads\/sites\/2\/2025\/07\/NUOVAAurelia_MP_2gr_raised_front_black-min-1024x683.png","large-width":1024,"large-height":683,"1536x1536":"https:\/\/nuovasimonelli.com\/wp-content\/uploads\/sites\/2\/2025\/07\/NUOVAAurelia_MP_2gr_raised_front_black-min-1536x1024.png","1536x1536-width":1536,"1536x1536-height":1024,"2048x2048":"https:\/\/nuovasimonelli.com\/wp-content\/uploads\/sites\/2\/2025\/07\/NUOVAAurelia_MP_2gr_raised_front_black-min-2048x1365.png","2048x2048-width":2048,"2048x2048-height":1365}}},{"acf_fc_layout":"features","id":"","groups":[{"title":"Caracter\u00edsticas principales","voices":[{"name":"Sistema multicaldera con calentamiento instant\u00e1neo"},{"name":"Calderas compactas de acero inoxidable, aisladas"},{"name":"Control de la temperatura mediante display principal"}]},{"title":"Ventajas","voices":[{"name":"Estabilidad de la temperatura en fase de extracci\u00f3n"},{"name":"M\u00e1xima consistencia en taza"},{"name":"Ahorro energ\u00e9tico"},{"name":"Menor impacto ambiental"}]},{"title":"Mejoras de las prestaciones","voices":[{"name":"NUOVA Aurelia vs Aurelia Wave"},{"name":""},{"name":"Consumo energ\u00e9tico: -42%"},{"name":"Impacto ambiental: -18%"},{"name":"-65 kg CO\u2082 (caldera caf\u00e9)"},{"name":"-75 kg CO\u2082 (caldera vapor)"}]}]},{"acf_fc_layout":"banner_cta","id":"","flipped":false,"img":{"ID":10399,"id":10399,"title":"new","filename":"new.png","filesize":780548,"url":"https:\/\/nuovasimonelli.com\/wp-content\/uploads\/sites\/2\/2025\/08\/new.png","link":"https:\/\/nuovasimonelli.com\/es\/sostenibilidad\/new-2\/","alt":"","author":"2","description":"","caption":"","name":"new-2","status":"inherit","uploaded_to":10514,"date":"2025-08-26 09:32:41","modified":"2025-09-29 09:14:06","menu_order":0,"mime_type":"image\/png","type":"image","subtype":"png","icon":"https:\/\/nuovasimonelli.com\/wp-includes\/images\/media\/default.png","width":1536,"height":848,"sizes":{"thumbnail":"https:\/\/nuovasimonelli.com\/wp-content\/uploads\/sites\/2\/2025\/08\/new-150x150.png","thumbnail-width":150,"thumbnail-height":150,"medium":"https:\/\/nuovasimonelli.com\/wp-content\/uploads\/sites\/2\/2025\/08\/new-300x166.png","medium-width":300,"medium-height":166,"medium_large":"https:\/\/nuovasimonelli.com\/wp-content\/uploads\/sites\/2\/2025\/08\/new-768x424.png","medium_large-width":768,"medium_large-height":424,"large":"https:\/\/nuovasimonelli.com\/wp-content\/uploads\/sites\/2\/2025\/08\/new-1024x565.png","large-width":1024,"large-height":565,"1536x1536":"https:\/\/nuovasimonelli.com\/wp-content\/uploads\/sites\/2\/2025\/08\/new.png","1536x1536-width":1536,"1536x1536-height":848,"2048x2048":"https:\/\/nuovasimonelli.com\/wp-content\/uploads\/sites\/2\/2025\/08\/new.png","2048x2048-width":1536,"2048x2048-height":848}},"title":"<p>Compatible con:<br \/>\n<span style=\"color: var(--c-accent,red);\">NUOVA Aurelia MP<\/span><\/p>\n","link":{"title":"NUOVA Aurelia MP","url":"https:\/\/nuovasimonelli.com\/machine\/nuova-aurelia\/#mp","target":""}},{"acf_fc_layout":"split","id":"ENERGY MANAGEMENT","title":"<p><span style=\"color: var(--c-accent,red);\">ENERGY MANAGEMENT SYSTEM<\/span><\/p>\n","description":"<p>Energy Management System adapta el funcionamiento de la m\u00e1quina a los ritmos reales de la actividad, optimizando el uso de la potencia durante todo el d\u00eda y la semana.<\/p>\n","link":null,"full_height":true,"flipped":false,"overflow":true,"img":{"ID":10454,"id":10454,"title":"DSC00127-Modifica","filename":"DSC00127-Modifica-e1758634695589.jpg","filesize":5250163,"url":"https:\/\/nuovasimonelli.com\/wp-content\/uploads\/sites\/2\/2025\/09\/DSC00127-Modifica-e1758634695589.jpg","link":"https:\/\/nuovasimonelli.com\/es\/sostenibilidad\/dsc00127-modifica-2\/","alt":"","author":"2","description":"","caption":"","name":"dsc00127-modifica-2","status":"inherit","uploaded_to":10514,"date":"2025-09-23 13:37:42","modified":"2025-09-29 09:14:07","menu_order":0,"mime_type":"image\/jpeg","type":"image","subtype":"jpeg","icon":"https:\/\/nuovasimonelli.com\/wp-includes\/images\/media\/default.png","width":5760,"height":8640,"sizes":{"thumbnail":"https:\/\/nuovasimonelli.com\/wp-content\/uploads\/sites\/2\/2025\/09\/DSC00127-Modifica-150x150.jpg","thumbnail-width":150,"thumbnail-height":150,"medium":"https:\/\/nuovasimonelli.com\/wp-content\/uploads\/sites\/2\/2025\/09\/DSC00127-Modifica-200x300.jpg","medium-width":200,"medium-height":300,"medium_large":"https:\/\/nuovasimonelli.com\/wp-content\/uploads\/sites\/2\/2025\/09\/DSC00127-Modifica-768x1152.jpg","medium_large-width":768,"medium_large-height":1152,"large":"https:\/\/nuovasimonelli.com\/wp-content\/uploads\/sites\/2\/2025\/09\/DSC00127-Modifica-683x1024.jpg","large-width":683,"large-height":1024,"1536x1536":"https:\/\/nuovasimonelli.com\/wp-content\/uploads\/sites\/2\/2025\/09\/DSC00127-Modifica-1024x1536.jpg","1536x1536-width":1024,"1536x1536-height":1536,"2048x2048":"https:\/\/nuovasimonelli.com\/wp-content\/uploads\/sites\/2\/2025\/09\/DSC00127-Modifica-1365x2048.jpg","2048x2048-width":1365,"2048x2048-height":2048}}},{"acf_fc_layout":"features","id":"","groups":[{"title":"Caracter\u00edsticas y ventajas","voices":[{"name":"Programaci\u00f3n semanal y diaria para reducir el consumo"},{"name":"Apagado de los grupos durante las horas de bajo volumen"},{"name":"Modalidad standby de la caldera de vapor durante las fases de ahorro energ\u00e9tico"}]}]},{"acf_fc_layout":"banner","id":"","title":"","description":"<p><span style=\"color: var(--c-accent,red);\">Est\u00e1ndar en todos los modelos<\/span> <span style=\"color: var(--c-accent,red);\">profesionales<\/span> con electr\u00f3nica avanzada<\/p>\n<p><span style=\"text-decoration: underline;\"><a href=\"https:\/\/nuovasimonelli.com\/compare\/\"><span style=\"color: var(--c-accent,red); text-decoration: underline;\">DESCUBRE M\u00c1S<\/span><\/a><\/span><\/p>\n"},{"acf_fc_layout":"split","id":"AISLAMIENTO DE CALDERAS","title":"<p><span style=\"color: var(--c-accent,red);\">AISLAMIENTO DE CALDERAS<\/span><\/p>\n","description":"<p>Nuestras soluciones de aislamiento avanzado mantienen estable la temperatura en las calderas y reducen significativamente la dispersi\u00f3n t\u00e9rmica, garantizando un rendimiento de alto nivel y eficiencia energ\u00e9tica.<\/p>\n","link":null,"full_height":true,"flipped":true,"overflow":true,"img":{"ID":10416,"id":10416,"title":"IMAGES APPIA LIFE DETAILS","filename":"MMFC7559.jpg","filesize":2454102,"url":"https:\/\/nuovasimonelli.com\/wp-content\/uploads\/sites\/2\/2025\/08\/MMFC7559.jpg","link":"https:\/\/nuovasimonelli.com\/es\/sostenibilidad\/images-appia-life-details-2\/","alt":"","author":"2","description":"","caption":"IMAGES APPIA LIFE DETAILS","name":"images-appia-life-details-2","status":"inherit","uploaded_to":10514,"date":"2025-08-26 09:40:55","modified":"2025-09-29 09:14:07","menu_order":0,"mime_type":"image\/jpeg","type":"image","subtype":"jpeg","icon":"https:\/\/nuovasimonelli.com\/wp-includes\/images\/media\/default.png","width":5061,"height":4008,"sizes":{"thumbnail":"https:\/\/nuovasimonelli.com\/wp-content\/uploads\/sites\/2\/2025\/08\/MMFC7559-150x150.jpg","thumbnail-width":150,"thumbnail-height":150,"medium":"https:\/\/nuovasimonelli.com\/wp-content\/uploads\/sites\/2\/2025\/08\/MMFC7559-300x238.jpg","medium-width":300,"medium-height":238,"medium_large":"https:\/\/nuovasimonelli.com\/wp-content\/uploads\/sites\/2\/2025\/08\/MMFC7559-768x608.jpg","medium_large-width":768,"medium_large-height":608,"large":"https:\/\/nuovasimonelli.com\/wp-content\/uploads\/sites\/2\/2025\/08\/MMFC7559-1024x811.jpg","large-width":1024,"large-height":811,"1536x1536":"https:\/\/nuovasimonelli.com\/wp-content\/uploads\/sites\/2\/2025\/08\/MMFC7559-1536x1216.jpg","1536x1536-width":1536,"1536x1536-height":1216,"2048x2048":"https:\/\/nuovasimonelli.com\/wp-content\/uploads\/sites\/2\/2025\/08\/MMFC7559-2048x1622.jpg","2048x2048-width":2048,"2048x2048-height":1622}}},{"acf_fc_layout":"features","id":"","groups":[{"title":"Ventajas","voices":[{"name":"Hasta un 54% de ahorro energ\u00e9tico respecto a calderas no aisladas (seg\u00fan los materiales utilizados)"}]}]},{"acf_fc_layout":"banner","id":"","title":"","description":"<p><span style=\"color: var(--c-accent,red);\">Est\u00e1ndar en todas las m\u00e1quinas profesionales<\/span> de \u00faltima generaci\u00f3n<\/p>\n<p><span style=\"text-decoration: underline;\"><a href=\"https:\/\/nuovasimonelli.com\/compare\/\"><span style=\"color: var(--c-accent,red); text-decoration: underline;\">DESCUBRE M\u00c1S<\/span><\/a><\/span><\/p>\n"}],"technology_hero_pretitle":"VALORES","technology_hero_title":"Sostenibilidad"},"yoast_head":"<!-- This site is optimized with the Yoast SEO plugin v27.4 - https:\/\/yoast.com\/product\/yoast-seo-wordpress\/ -->\n<title>Sostenibilidad - Nuova Simonelli<\/title>\n<meta name=\"description\" content=\"Descubre el compromiso sostenible de Nuova Simonelli: innovaci\u00f3n, investigaci\u00f3n y responsabilidad ambiental para m\u00e1quinas de caf\u00e9 profesionales eficientes y de bajo impacto.\" \/>\n<meta name=\"robots\" content=\"index, follow, max-snippet:-1, max-image-preview:large, max-video-preview:-1\" \/>\n<link rel=\"canonical\" href=\"https:\/\/nuovasimonelli.com\/es\/sostenibilidad\/\" \/>\n<meta property=\"og:locale\" content=\"es_ES\" \/>\n<meta property=\"og:type\" content=\"article\" \/>\n<meta property=\"og:title\" content=\"Sostenibilidad - Nuova Simonelli\" \/>\n<meta property=\"og:description\" content=\"Descubre el compromiso sostenible de Nuova Simonelli: innovaci\u00f3n, investigaci\u00f3n y responsabilidad ambiental para m\u00e1quinas de caf\u00e9 profesionales eficientes y de bajo impacto.\" \/>\n<meta property=\"og:url\" content=\"https:\/\/nuovasimonelli.com\/es\/sostenibilidad\/\" \/>\n<meta property=\"og:site_name\" content=\"Nuova Simonelli\" \/>\n<meta name=\"twitter:card\" content=\"summary_large_image\" \/>\n<script type=\"application\/ld+json\" class=\"yoast-schema-graph\">{\"@context\":\"https:\\\/\\\/schema.org\",\"@graph\":[{\"@type\":\"WebPage\",\"@id\":\"https:\\\/\\\/nuovasimonelli.com\\\/es\\\/sostenibilidad\\\/\",\"url\":\"https:\\\/\\\/nuovasimonelli.com\\\/es\\\/sostenibilidad\\\/\",\"name\":\"Sostenibilidad - Nuova Simonelli\",\"isPartOf\":{\"@id\":\"https:\\\/\\\/nuovasimonelli.com\\\/es\\\/#website\"},\"datePublished\":\"2025-07-31T09:50:15+00:00\",\"description\":\"Descubre el compromiso sostenible de Nuova Simonelli: innovaci\u00f3n, investigaci\u00f3n y responsabilidad ambiental para m\u00e1quinas de caf\u00e9 profesionales eficientes y de bajo impacto.\",\"breadcrumb\":{\"@id\":\"https:\\\/\\\/nuovasimonelli.com\\\/es\\\/sostenibilidad\\\/#breadcrumb\"},\"inLanguage\":\"es\",\"potentialAction\":[{\"@type\":\"ReadAction\",\"target\":[\"https:\\\/\\\/nuovasimonelli.com\\\/es\\\/sostenibilidad\\\/\"]}]},{\"@type\":\"BreadcrumbList\",\"@id\":\"https:\\\/\\\/nuovasimonelli.com\\\/es\\\/sostenibilidad\\\/#breadcrumb\",\"itemListElement\":[{\"@type\":\"ListItem\",\"position\":1,\"name\":\"Home\",\"item\":\"https:\\\/\\\/nuovasimonelli.com\\\/es\\\/\"},{\"@type\":\"ListItem\",\"position\":2,\"name\":\"Sostenibilidad\"}]},{\"@type\":\"WebSite\",\"@id\":\"https:\\\/\\\/nuovasimonelli.com\\\/es\\\/#website\",\"url\":\"https:\\\/\\\/nuovasimonelli.com\\\/es\\\/\",\"name\":\"Nuova Simonelli\",\"description\":\"\",\"potentialAction\":[{\"@type\":\"SearchAction\",\"target\":{\"@type\":\"EntryPoint\",\"urlTemplate\":\"https:\\\/\\\/nuovasimonelli.com\\\/es\\\/?s={search_term_string}\"},\"query-input\":{\"@type\":\"PropertyValueSpecification\",\"valueRequired\":true,\"valueName\":\"search_term_string\"}}],\"inLanguage\":\"es\"}]}<\/script>\n<!-- \/ Yoast SEO plugin. -->","yoast_head_json":{"title":"Sostenibilidad - Nuova Simonelli","description":"Descubre el compromiso sostenible de Nuova Simonelli: innovaci\u00f3n, investigaci\u00f3n y responsabilidad ambiental para m\u00e1quinas de caf\u00e9 profesionales eficientes y de bajo impacto.","robots":{"index":"index","follow":"follow","max-snippet":"max-snippet:-1","max-image-preview":"max-image-preview:large","max-video-preview":"max-video-preview:-1"},"canonical":"https:\/\/nuovasimonelli.com\/es\/sostenibilidad\/","og_locale":"es_ES","og_type":"article","og_title":"Sostenibilidad - Nuova Simonelli","og_description":"Descubre el compromiso sostenible de Nuova Simonelli: innovaci\u00f3n, investigaci\u00f3n y responsabilidad ambiental para m\u00e1quinas de caf\u00e9 profesionales eficientes y de bajo impacto.","og_url":"https:\/\/nuovasimonelli.com\/es\/sostenibilidad\/","og_site_name":"Nuova Simonelli","twitter_card":"summary_large_image","schema":{"@context":"https:\/\/schema.org","@graph":[{"@type":"WebPage","@id":"https:\/\/nuovasimonelli.com\/es\/sostenibilidad\/","url":"https:\/\/nuovasimonelli.com\/es\/sostenibilidad\/","name":"Sostenibilidad - Nuova Simonelli","isPartOf":{"@id":"https:\/\/nuovasimonelli.com\/es\/#website"},"datePublished":"2025-07-31T09:50:15+00:00","description":"Descubre el compromiso sostenible de Nuova Simonelli: innovaci\u00f3n, investigaci\u00f3n y responsabilidad ambiental para m\u00e1quinas de caf\u00e9 profesionales eficientes y de bajo impacto.","breadcrumb":{"@id":"https:\/\/nuovasimonelli.com\/es\/sostenibilidad\/#breadcrumb"},"inLanguage":"es","potentialAction":[{"@type":"ReadAction","target":["https:\/\/nuovasimonelli.com\/es\/sostenibilidad\/"]}]},{"@type":"BreadcrumbList","@id":"https:\/\/nuovasimonelli.com\/es\/sostenibilidad\/#breadcrumb","itemListElement":[{"@type":"ListItem","position":1,"name":"Home","item":"https:\/\/nuovasimonelli.com\/es\/"},{"@type":"ListItem","position":2,"name":"Sostenibilidad"}]},{"@type":"WebSite","@id":"https:\/\/nuovasimonelli.com\/es\/#website","url":"https:\/\/nuovasimonelli.com\/es\/","name":"Nuova Simonelli","description":"","potentialAction":[{"@type":"SearchAction","target":{"@type":"EntryPoint","urlTemplate":"https:\/\/nuovasimonelli.com\/es\/?s={search_term_string}"},"query-input":{"@type":"PropertyValueSpecification","valueRequired":true,"valueName":"search_term_string"}}],"inLanguage":"es"}]}},"_links":{"self":[{"href":"https:\/\/nuovasimonelli.com\/es\/wp-json\/wp\/v2\/pages\/10514","targetHints":{"allow":["GET"]}}],"collection":[{"href":"https:\/\/nuovasimonelli.com\/es\/wp-json\/wp\/v2\/pages"}],"about":[{"href":"https:\/\/nuovasimonelli.com\/es\/wp-json\/wp\/v2\/types\/page"}],"author":[{"embeddable":true,"href":"https:\/\/nuovasimonelli.com\/es\/wp-json\/wp\/v2\/users\/2"}],"replies":[{"embeddable":true,"href":"https:\/\/nuovasimonelli.com\/es\/wp-json\/wp\/v2\/comments?post=10514"}],"version-history":[{"count":0,"href":"https:\/\/nuovasimonelli.com\/es\/wp-json\/wp\/v2\/pages\/10514\/revisions"}],"wp:attachment":[{"href":"https:\/\/nuovasimonelli.com\/es\/wp-json\/wp\/v2\/media?parent=10514"}],"curies":[{"name":"wp","href":"https:\/\/api.w.org\/{rel}","templated":true}]}}