{"id":10516,"date":"2025-07-31T11:50:15","date_gmt":"2025-07-31T09:50:15","guid":{"rendered":"https:\/\/nuovasimonelli.com\/nachhaltigkeit\/"},"modified":"2025-07-31T11:50:15","modified_gmt":"2025-07-31T09:50:15","slug":"nachhaltigkeit","status":"publish","type":"page","link":"https:\/\/nuovasimonelli.com\/de\/nachhaltigkeit\/","title":{"rendered":"Nachhaltigkeit"},"content":{"rendered":"","protected":false},"excerpt":{"rendered":"","protected":false},"author":2,"featured_media":0,"parent":0,"menu_order":0,"comment_status":"closed","ping_status":"closed","template":"templates\/technology.php","meta":{"_acf_changed":false,"inline_featured_image":false},"class_list":["post-10516","page","type-page","status-publish","hentry"],"acf":{"technology_hero_img":{"ID":10339,"id":10339,"title":"pexels-ketut-subiyanto-4349844 (1) (2) (1)","filename":"pexels-ketut-subiyanto-4349844-1-2-1-e1753625812552.png","filesize":435935,"url":"https:\/\/nuovasimonelli.com\/wp-content\/uploads\/sites\/2\/2025\/07\/pexels-ketut-subiyanto-4349844-1-2-1-e1753625812552.png","link":"https:\/\/nuovasimonelli.com\/de\/nachhaltigkeit\/pexels-ketut-subiyanto-4349844-1-2-1-2\/","alt":"","author":"2","description":"","caption":"","name":"pexels-ketut-subiyanto-4349844-1-2-1-2","status":"inherit","uploaded_to":10516,"date":"2025-07-27 14:16:26","modified":"2025-09-29 09:14:16","menu_order":0,"mime_type":"image\/png","type":"image","subtype":"png","icon":"https:\/\/nuovasimonelli.com\/wp-includes\/images\/media\/default.png","width":1495,"height":1404,"sizes":{"thumbnail":"https:\/\/nuovasimonelli.com\/wp-content\/uploads\/sites\/2\/2025\/07\/pexels-ketut-subiyanto-4349844-1-2-1-150x150.png","thumbnail-width":150,"thumbnail-height":150,"medium":"https:\/\/nuovasimonelli.com\/wp-content\/uploads\/sites\/2\/2025\/07\/pexels-ketut-subiyanto-4349844-1-2-1-300x282.png","medium-width":300,"medium-height":282,"medium_large":"https:\/\/nuovasimonelli.com\/wp-content\/uploads\/sites\/2\/2025\/07\/pexels-ketut-subiyanto-4349844-1-2-1-768x721.png","medium_large-width":768,"medium_large-height":721,"large":"https:\/\/nuovasimonelli.com\/wp-content\/uploads\/sites\/2\/2025\/07\/pexels-ketut-subiyanto-4349844-1-2-1-1024x962.png","large-width":1024,"large-height":962,"1536x1536":"https:\/\/nuovasimonelli.com\/wp-content\/uploads\/sites\/2\/2025\/07\/pexels-ketut-subiyanto-4349844-1-2-1-e1753625812552.png","1536x1536-width":1495,"1536x1536-height":1404,"2048x2048":"https:\/\/nuovasimonelli.com\/wp-content\/uploads\/sites\/2\/2025\/07\/pexels-ketut-subiyanto-4349844-1-2-1-e1753625812552.png","2048x2048-width":1495,"2048x2048-height":1404}},"technology_blocks":[{"acf_fc_layout":"banner","id":"","title":"Nachhaltige Innovation f\u00fcr verantwortungsvolle Auswirkungen","description":"<p>Nachhaltige Innovation ist das zentrale Prinzip der Designphilosophie von Nuova Simonelli. Jede L\u00f6sung, Technologie und jedes Material wird entwickelt, um <strong>den Arbeitsablauf des Baristas zu verbessern<\/strong>, <strong>Verschwendung zu minimieren<\/strong> und <strong>die Energieeffizienz zu maximieren<\/strong>. <\/p>\n<p>Unsere Espressomaschinen und Kaffeem\u00fchlen sind darauf ausgelegt, eine konstante Tassenqualit\u00e4t zu gew\u00e4hrleisten, die Rentabilit\u00e4t des Gesch\u00e4fts zu verbessern und die Umweltauswirkungen zu reduzieren.<\/p>\n<p>Dieser Ansatz hat Nuova Simonelli zu einer der ersten Marken gemacht, die sich an die wichtigsten internationalen Standards f\u00fcr nachhaltiges Bauen anpasst \u2014 LEED, BREEAM, WELL, Estidama und andere \u2014 und hilft unseren Partnern dabei, wirklich nachhaltige Unternehmen aufzubauen.<\/p>\n"},{"acf_fc_layout":"split","id":"LCA","title":"<p><span style=\"color: var(--c-accent,red);\">LCA<\/span><br \/>\n(Life Cycle Assessment)<\/p>\n","description":"<p>LCA ist eine standardisierte Methodik zur Bewertung der Umwelt- und Gesundheitsauswirkungen eines Produkts w\u00e4hrend seines gesamten Lebenszyklus.<\/p>\n<p>Durch LCA-Studien, die f\u00fcr jedes Produkt durchgef\u00fchrt wurden, haben wir die Komponenten entwickelt und die Maschinenleistung optimiert, um CO\u2082-Emissionen und Energieverbrauch zu reduzieren.<\/p>\n","link":null,"full_height":true,"flipped":false,"overflow":true,"img":{"ID":10443,"id":10443,"title":"AppiaLifeTimer_3grAlti_rosso_34 copia","filename":"AppiaLifeTimer_3grAlti_rosso_34-copia-e1758634359990.png","filesize":4285132,"url":"https:\/\/nuovasimonelli.com\/wp-content\/uploads\/sites\/2\/2025\/09\/AppiaLifeTimer_3grAlti_rosso_34-copia-e1758634359990.png","link":"https:\/\/nuovasimonelli.com\/de\/nachhaltigkeit\/appialifetimer_3gralti_rosso_34-copia-2\/","alt":"","author":"2","description":"","caption":"","name":"appialifetimer_3gralti_rosso_34-copia-2","status":"inherit","uploaded_to":10516,"date":"2025-09-23 13:22:05","modified":"2025-09-29 09:14:16","menu_order":0,"mime_type":"image\/png","type":"image","subtype":"png","icon":"https:\/\/nuovasimonelli.com\/wp-includes\/images\/media\/default.png","width":6305,"height":4209,"sizes":{"thumbnail":"https:\/\/nuovasimonelli.com\/wp-content\/uploads\/sites\/2\/2025\/09\/AppiaLifeTimer_3grAlti_rosso_34-copia-150x150.png","thumbnail-width":150,"thumbnail-height":150,"medium":"https:\/\/nuovasimonelli.com\/wp-content\/uploads\/sites\/2\/2025\/09\/AppiaLifeTimer_3grAlti_rosso_34-copia-300x200.png","medium-width":300,"medium-height":200,"medium_large":"https:\/\/nuovasimonelli.com\/wp-content\/uploads\/sites\/2\/2025\/09\/AppiaLifeTimer_3grAlti_rosso_34-copia-768x513.png","medium_large-width":768,"medium_large-height":513,"large":"https:\/\/nuovasimonelli.com\/wp-content\/uploads\/sites\/2\/2025\/09\/AppiaLifeTimer_3grAlti_rosso_34-copia-1024x684.png","large-width":1024,"large-height":684,"1536x1536":"https:\/\/nuovasimonelli.com\/wp-content\/uploads\/sites\/2\/2025\/09\/AppiaLifeTimer_3grAlti_rosso_34-copia-1536x1025.png","1536x1536-width":1536,"1536x1536-height":1025,"2048x2048":"https:\/\/nuovasimonelli.com\/wp-content\/uploads\/sites\/2\/2025\/09\/AppiaLifeTimer_3grAlti_rosso_34-copia-2048x1367.png","2048x2048-width":2048,"2048x2048-height":1367}}},{"acf_fc_layout":"features","id":"","groups":[{"title":"Verbesserung der Umwelt- und Energieleistung \u2013 NUOVA Aurelia vs Aurelia Wave","voices":[{"name":"Energieverbrauch: -42 %"},{"name":"Umweltauswirkungen: -18 %"},{"name":"-65 kg CO\u2082 (Kaffee-Kessel)"},{"name":"-75 kg CO\u2082 (Dampf-Kessel)"}]},{"title":"Verbesserung der Umwelt- und Energieleistung \u2013 Appia Life vs Appia II","voices":[{"name":"Energieverbrauch: -13 %"},{"name":"Umweltauswirkungen: -20 %"}]}]},{"acf_fc_layout":"banner","id":"","title":"","description":"<p><span style=\"color: var(--c-accent,red);\">Standard bei allen Modellen<\/span>, die nach den neuesten Nachhaltigkeitskriterien entwickelt wurden<\/p>\n<p><span style=\"text-decoration: underline;\"><a href=\"https:\/\/nuovasimonelli.com\/compare\/\"><span style=\"color: var(--c-accent,red); text-decoration: underline;\">MEHR ERFAHREN<\/span><\/a><\/span><\/p>\n<p>\u00a0<\/p>\n"},{"acf_fc_layout":"split","id":"MP","title":"<p><span style=\"color: var(--c-accent,red);\">MP<\/span><br \/>\n(Maximum Performance Technology)<\/p>\n","description":"<p data-start=\"1669\" data-end=\"1866\">Das MP-System nutzt eine Multiboiler-Technologie mit Temperaturkontrolle und sofortiger Erw\u00e4rmung, um den Energieverbrauch zu optimieren, ohne die Leistung zu beeintr\u00e4chtigen.<\/p>\n<p data-start=\"1669\" data-end=\"1866\">Die kompakten Kessel sind isoliert und mit innovativen Materialien verkleidet, um W\u00e4rmeverluste zu vermeiden und die Effizienz zu maximieren. Der Barista stellt die Temperatur ein \u2014 die Maschine erledigt den Rest. <\/p>\n","link":null,"full_height":true,"flipped":true,"overflow":true,"img":{"ID":10015,"id":10015,"title":"NUOVAAurelia_MP_2gr_raised_front_black-min","filename":"NUOVAAurelia_MP_2gr_raised_front_black-min-e1752437811233.png","filesize":15067500,"url":"https:\/\/nuovasimonelli.com\/wp-content\/uploads\/sites\/2\/2025\/07\/NUOVAAurelia_MP_2gr_raised_front_black-min-e1752437811233.png","link":"https:\/\/nuovasimonelli.com\/de\/technologie\/nuovaaurelia_mp_2gr_raised_front_black-min-2\/","alt":"","author":"2","description":"","caption":"","name":"nuovaaurelia_mp_2gr_raised_front_black-min-2","status":"inherit","uploaded_to":8527,"date":"2025-07-13 19:58:45","modified":"2025-07-13 19:58:45","menu_order":0,"mime_type":"image\/png","type":"image","subtype":"png","icon":"https:\/\/nuovasimonelli.com\/wp-includes\/images\/media\/default.png","width":8256,"height":5504,"sizes":{"thumbnail":"https:\/\/nuovasimonelli.com\/wp-content\/uploads\/sites\/2\/2025\/07\/NUOVAAurelia_MP_2gr_raised_front_black-min-150x150.png","thumbnail-width":150,"thumbnail-height":150,"medium":"https:\/\/nuovasimonelli.com\/wp-content\/uploads\/sites\/2\/2025\/07\/NUOVAAurelia_MP_2gr_raised_front_black-min-300x200.png","medium-width":300,"medium-height":200,"medium_large":"https:\/\/nuovasimonelli.com\/wp-content\/uploads\/sites\/2\/2025\/07\/NUOVAAurelia_MP_2gr_raised_front_black-min-768x512.png","medium_large-width":768,"medium_large-height":512,"large":"https:\/\/nuovasimonelli.com\/wp-content\/uploads\/sites\/2\/2025\/07\/NUOVAAurelia_MP_2gr_raised_front_black-min-1024x683.png","large-width":1024,"large-height":683,"1536x1536":"https:\/\/nuovasimonelli.com\/wp-content\/uploads\/sites\/2\/2025\/07\/NUOVAAurelia_MP_2gr_raised_front_black-min-1536x1024.png","1536x1536-width":1536,"1536x1536-height":1024,"2048x2048":"https:\/\/nuovasimonelli.com\/wp-content\/uploads\/sites\/2\/2025\/07\/NUOVAAurelia_MP_2gr_raised_front_black-min-2048x1365.png","2048x2048-width":2048,"2048x2048-height":1365}}},{"acf_fc_layout":"features","id":"","groups":[{"title":"Hauptmerkmale","voices":[{"name":"Multiboiler-System mit sofortiger Erw\u00e4rmung"},{"name":"Kompakte Edelstahlkessel, isoliert"},{"name":"Temperaturkontrolle \u00fcber das Hauptdisplay"}]},{"title":"Vorteile","voices":[{"name":"Temperaturstabilit\u00e4t w\u00e4hrend der Extraktion"},{"name":"Maximale Konsistenz in der Tasse"},{"name":"Energieeinsparung"},{"name":"Geringere Umweltauswirkungen"}]},{"title":"Leistungsverbesserungen","voices":[{"name":"NUOVA Aurelia vs Aurelia Wave"},{"name":""},{"name":"Energieverbrauch: -42 %"},{"name":"Umweltauswirkungen: -18 %"},{"name":"-65 kg CO\u2082 (Kaffee-Kessel)"},{"name":"-75 kg CO\u2082 (Dampf-Kessel)"}]}]},{"acf_fc_layout":"banner_cta","id":"","flipped":false,"img":{"ID":10398,"id":10398,"title":"new","filename":"new.png","filesize":780548,"url":"https:\/\/nuovasimonelli.com\/wp-content\/uploads\/sites\/2\/2025\/08\/new.png","link":"https:\/\/nuovasimonelli.com\/de\/nachhaltigkeit\/new-2\/","alt":"","author":"2","description":"","caption":"","name":"new-2","status":"inherit","uploaded_to":10516,"date":"2025-08-26 09:32:41","modified":"2025-09-29 09:14:16","menu_order":0,"mime_type":"image\/png","type":"image","subtype":"png","icon":"https:\/\/nuovasimonelli.com\/wp-includes\/images\/media\/default.png","width":1536,"height":848,"sizes":{"thumbnail":"https:\/\/nuovasimonelli.com\/wp-content\/uploads\/sites\/2\/2025\/08\/new-150x150.png","thumbnail-width":150,"thumbnail-height":150,"medium":"https:\/\/nuovasimonelli.com\/wp-content\/uploads\/sites\/2\/2025\/08\/new-300x166.png","medium-width":300,"medium-height":166,"medium_large":"https:\/\/nuovasimonelli.com\/wp-content\/uploads\/sites\/2\/2025\/08\/new-768x424.png","medium_large-width":768,"medium_large-height":424,"large":"https:\/\/nuovasimonelli.com\/wp-content\/uploads\/sites\/2\/2025\/08\/new-1024x565.png","large-width":1024,"large-height":565,"1536x1536":"https:\/\/nuovasimonelli.com\/wp-content\/uploads\/sites\/2\/2025\/08\/new.png","1536x1536-width":1536,"1536x1536-height":848,"2048x2048":"https:\/\/nuovasimonelli.com\/wp-content\/uploads\/sites\/2\/2025\/08\/new.png","2048x2048-width":1536,"2048x2048-height":848}},"title":"<p>Kompatibel mit:<br \/>\n<span style=\"color: var(--c-accent,red);\">NUOVA Aurelia MP<\/span><\/p>\n","link":{"title":"NUOVA Aurelia MP","url":"https:\/\/nuovasimonelli.com\/machine\/nuova-aurelia\/#mp","target":""}},{"acf_fc_layout":"split","id":"ENERGY MANAGEMENT","title":"<p><span style=\"color: var(--c-accent,red);\">ENERGY MANAGEMENT SYSTEM<\/span><\/p>\n","description":"<p>Das Energy Management System passt den Betrieb der Maschine an die tats\u00e4chlichen Gesch\u00e4ftsrhythmen an und optimiert die Leistungsnutzung sowohl w\u00e4hrend des gesamten Tages als auch der Woche.<\/p>\n","link":null,"full_height":true,"flipped":false,"overflow":true,"img":{"ID":10453,"id":10453,"title":"DSC00127-Modifica","filename":"DSC00127-Modifica-e1758634695589.jpg","filesize":5250163,"url":"https:\/\/nuovasimonelli.com\/wp-content\/uploads\/sites\/2\/2025\/09\/DSC00127-Modifica-e1758634695589.jpg","link":"https:\/\/nuovasimonelli.com\/de\/nachhaltigkeit\/dsc00127-modifica-2\/","alt":"","author":"2","description":"","caption":"","name":"dsc00127-modifica-2","status":"inherit","uploaded_to":10516,"date":"2025-09-23 13:37:42","modified":"2025-09-29 09:14:16","menu_order":0,"mime_type":"image\/jpeg","type":"image","subtype":"jpeg","icon":"https:\/\/nuovasimonelli.com\/wp-includes\/images\/media\/default.png","width":5760,"height":8640,"sizes":{"thumbnail":"https:\/\/nuovasimonelli.com\/wp-content\/uploads\/sites\/2\/2025\/09\/DSC00127-Modifica-150x150.jpg","thumbnail-width":150,"thumbnail-height":150,"medium":"https:\/\/nuovasimonelli.com\/wp-content\/uploads\/sites\/2\/2025\/09\/DSC00127-Modifica-200x300.jpg","medium-width":200,"medium-height":300,"medium_large":"https:\/\/nuovasimonelli.com\/wp-content\/uploads\/sites\/2\/2025\/09\/DSC00127-Modifica-768x1152.jpg","medium_large-width":768,"medium_large-height":1152,"large":"https:\/\/nuovasimonelli.com\/wp-content\/uploads\/sites\/2\/2025\/09\/DSC00127-Modifica-683x1024.jpg","large-width":683,"large-height":1024,"1536x1536":"https:\/\/nuovasimonelli.com\/wp-content\/uploads\/sites\/2\/2025\/09\/DSC00127-Modifica-1024x1536.jpg","1536x1536-width":1024,"1536x1536-height":1536,"2048x2048":"https:\/\/nuovasimonelli.com\/wp-content\/uploads\/sites\/2\/2025\/09\/DSC00127-Modifica-1365x2048.jpg","2048x2048-width":1365,"2048x2048-height":2048}}},{"acf_fc_layout":"features","id":"","groups":[{"title":"Eigenschaften und Vorteile","voices":[{"name":"W\u00f6chentliche und t\u00e4gliche Programmierung zur Verbrauchsreduzierung"},{"name":"Abschaltung der Gruppen w\u00e4hrend Zeiten geringen Volumens"},{"name":"Standby-Modus des Dampfkessels w\u00e4hrend der Energiesparphasen"}]}]},{"acf_fc_layout":"banner","id":"","title":"","description":"<p><span style=\"color: var(--c-accent,red);\">Standard bei allen<\/span> <span style=\"color: var(--c-accent,red);\">professionellen<\/span> Modellen mit fortschrittlicher Elektronik<\/p>\n<p><span style=\"text-decoration: underline;\"><a href=\"https:\/\/nuovasimonelli.com\/compare\/\"><span style=\"color: var(--c-accent,red); text-decoration: underline;\">MEHR ERFAHREN<\/span><\/a><\/span><\/p>\n"},{"acf_fc_layout":"split","id":"KESSELD\u00c4MMUNG","title":"<p><span style=\"color: var(--c-accent,red);\">KESSELD\u00c4MMUNG<\/span><\/p>\n","description":"<p>Unsere fortschrittlichen Isolationsl\u00f6sungen halten die Temperatur in den Kesseln stabil und reduzieren den W\u00e4rmeverlust erheblich \u2014 und gew\u00e4hrleisten dabei hohe Leistung und Energieeffizienz.<\/p>\n","link":null,"full_height":true,"flipped":true,"overflow":true,"img":{"ID":10415,"id":10415,"title":"IMAGES APPIA LIFE DETAILS","filename":"MMFC7559.jpg","filesize":2454102,"url":"https:\/\/nuovasimonelli.com\/wp-content\/uploads\/sites\/2\/2025\/08\/MMFC7559.jpg","link":"https:\/\/nuovasimonelli.com\/de\/nachhaltigkeit\/images-appia-life-details-2\/","alt":"","author":"2","description":"","caption":"IMAGES APPIA LIFE DETAILS","name":"images-appia-life-details-2","status":"inherit","uploaded_to":10516,"date":"2025-08-26 09:40:55","modified":"2025-09-29 09:14:16","menu_order":0,"mime_type":"image\/jpeg","type":"image","subtype":"jpeg","icon":"https:\/\/nuovasimonelli.com\/wp-includes\/images\/media\/default.png","width":5061,"height":4008,"sizes":{"thumbnail":"https:\/\/nuovasimonelli.com\/wp-content\/uploads\/sites\/2\/2025\/08\/MMFC7559-150x150.jpg","thumbnail-width":150,"thumbnail-height":150,"medium":"https:\/\/nuovasimonelli.com\/wp-content\/uploads\/sites\/2\/2025\/08\/MMFC7559-300x238.jpg","medium-width":300,"medium-height":238,"medium_large":"https:\/\/nuovasimonelli.com\/wp-content\/uploads\/sites\/2\/2025\/08\/MMFC7559-768x608.jpg","medium_large-width":768,"medium_large-height":608,"large":"https:\/\/nuovasimonelli.com\/wp-content\/uploads\/sites\/2\/2025\/08\/MMFC7559-1024x811.jpg","large-width":1024,"large-height":811,"1536x1536":"https:\/\/nuovasimonelli.com\/wp-content\/uploads\/sites\/2\/2025\/08\/MMFC7559-1536x1216.jpg","1536x1536-width":1536,"1536x1536-height":1216,"2048x2048":"https:\/\/nuovasimonelli.com\/wp-content\/uploads\/sites\/2\/2025\/08\/MMFC7559-2048x1622.jpg","2048x2048-width":2048,"2048x2048-height":1622}}},{"acf_fc_layout":"features","id":"","groups":[{"title":"Vorteile","voices":[{"name":"Bis zu 54 % Energieeinsparung gegen\u00fcber nicht isolierten Kesseln (je nach verwendeten Materialien)"}]}]},{"acf_fc_layout":"banner","id":"","title":"","description":"<p><span style=\"color: var(--c-accent,red);\">Standard bei allen professionellen Maschinen<\/span> der neuesten Generation<\/p>\n<p><span style=\"text-decoration: underline;\"><a href=\"https:\/\/nuovasimonelli.com\/compare\/\"><span style=\"color: var(--c-accent,red); text-decoration: underline;\">MEHR ERFAHREN<\/span><\/a><\/span><\/p>\n"}],"technology_hero_pretitle":"WERTE","technology_hero_title":"Nachhaltigkeit"},"yoast_head":"<!-- This site is optimized with the Yoast SEO plugin v27.4 - https:\/\/yoast.com\/product\/yoast-seo-wordpress\/ -->\n<title>Nachhaltigkeit - Nuova Simonelli<\/title>\n<meta name=\"description\" content=\"Entdecken Sie das nachhaltige Engagement von Nuova Simonelli: Innovation, Forschung und Umweltverantwortung f\u00fcr effiziente und umweltschonende professionelle Kaffeemaschinen.\" \/>\n<meta name=\"robots\" content=\"index, follow, max-snippet:-1, max-image-preview:large, max-video-preview:-1\" \/>\n<link rel=\"canonical\" href=\"https:\/\/nuovasimonelli.com\/de\/nachhaltigkeit\/\" \/>\n<meta property=\"og:locale\" content=\"de_DE\" \/>\n<meta property=\"og:type\" content=\"article\" \/>\n<meta property=\"og:title\" content=\"Nachhaltigkeit - Nuova Simonelli\" \/>\n<meta property=\"og:description\" content=\"Entdecken Sie das nachhaltige Engagement von Nuova Simonelli: Innovation, Forschung und Umweltverantwortung f\u00fcr effiziente und umweltschonende professionelle Kaffeemaschinen.\" \/>\n<meta property=\"og:url\" content=\"https:\/\/nuovasimonelli.com\/de\/nachhaltigkeit\/\" \/>\n<meta property=\"og:site_name\" content=\"Nuova Simonelli\" \/>\n<meta name=\"twitter:card\" content=\"summary_large_image\" \/>\n<script type=\"application\/ld+json\" class=\"yoast-schema-graph\">{\"@context\":\"https:\\\/\\\/schema.org\",\"@graph\":[{\"@type\":\"WebPage\",\"@id\":\"https:\\\/\\\/nuovasimonelli.com\\\/de\\\/nachhaltigkeit\\\/\",\"url\":\"https:\\\/\\\/nuovasimonelli.com\\\/de\\\/nachhaltigkeit\\\/\",\"name\":\"Nachhaltigkeit - Nuova Simonelli\",\"isPartOf\":{\"@id\":\"https:\\\/\\\/nuovasimonelli.com\\\/de\\\/#website\"},\"datePublished\":\"2025-07-31T09:50:15+00:00\",\"description\":\"Entdecken Sie das nachhaltige Engagement von Nuova Simonelli: Innovation, Forschung und Umweltverantwortung f\u00fcr effiziente und umweltschonende professionelle Kaffeemaschinen.\",\"breadcrumb\":{\"@id\":\"https:\\\/\\\/nuovasimonelli.com\\\/de\\\/nachhaltigkeit\\\/#breadcrumb\"},\"inLanguage\":\"de\",\"potentialAction\":[{\"@type\":\"ReadAction\",\"target\":[\"https:\\\/\\\/nuovasimonelli.com\\\/de\\\/nachhaltigkeit\\\/\"]}]},{\"@type\":\"BreadcrumbList\",\"@id\":\"https:\\\/\\\/nuovasimonelli.com\\\/de\\\/nachhaltigkeit\\\/#breadcrumb\",\"itemListElement\":[{\"@type\":\"ListItem\",\"position\":1,\"name\":\"Home\",\"item\":\"https:\\\/\\\/nuovasimonelli.com\\\/de\\\/\"},{\"@type\":\"ListItem\",\"position\":2,\"name\":\"Nachhaltigkeit\"}]},{\"@type\":\"WebSite\",\"@id\":\"https:\\\/\\\/nuovasimonelli.com\\\/de\\\/#website\",\"url\":\"https:\\\/\\\/nuovasimonelli.com\\\/de\\\/\",\"name\":\"Nuova Simonelli\",\"description\":\"\",\"potentialAction\":[{\"@type\":\"SearchAction\",\"target\":{\"@type\":\"EntryPoint\",\"urlTemplate\":\"https:\\\/\\\/nuovasimonelli.com\\\/de\\\/?s={search_term_string}\"},\"query-input\":{\"@type\":\"PropertyValueSpecification\",\"valueRequired\":true,\"valueName\":\"search_term_string\"}}],\"inLanguage\":\"de\"}]}<\/script>\n<!-- \/ Yoast SEO plugin. -->","yoast_head_json":{"title":"Nachhaltigkeit - Nuova Simonelli","description":"Entdecken Sie das nachhaltige Engagement von Nuova Simonelli: Innovation, Forschung und Umweltverantwortung f\u00fcr effiziente und umweltschonende professionelle Kaffeemaschinen.","robots":{"index":"index","follow":"follow","max-snippet":"max-snippet:-1","max-image-preview":"max-image-preview:large","max-video-preview":"max-video-preview:-1"},"canonical":"https:\/\/nuovasimonelli.com\/de\/nachhaltigkeit\/","og_locale":"de_DE","og_type":"article","og_title":"Nachhaltigkeit - Nuova Simonelli","og_description":"Entdecken Sie das nachhaltige Engagement von Nuova Simonelli: Innovation, Forschung und Umweltverantwortung f\u00fcr effiziente und umweltschonende professionelle Kaffeemaschinen.","og_url":"https:\/\/nuovasimonelli.com\/de\/nachhaltigkeit\/","og_site_name":"Nuova Simonelli","twitter_card":"summary_large_image","schema":{"@context":"https:\/\/schema.org","@graph":[{"@type":"WebPage","@id":"https:\/\/nuovasimonelli.com\/de\/nachhaltigkeit\/","url":"https:\/\/nuovasimonelli.com\/de\/nachhaltigkeit\/","name":"Nachhaltigkeit - Nuova Simonelli","isPartOf":{"@id":"https:\/\/nuovasimonelli.com\/de\/#website"},"datePublished":"2025-07-31T09:50:15+00:00","description":"Entdecken Sie das nachhaltige Engagement von Nuova Simonelli: Innovation, Forschung und Umweltverantwortung f\u00fcr effiziente und umweltschonende professionelle Kaffeemaschinen.","breadcrumb":{"@id":"https:\/\/nuovasimonelli.com\/de\/nachhaltigkeit\/#breadcrumb"},"inLanguage":"de","potentialAction":[{"@type":"ReadAction","target":["https:\/\/nuovasimonelli.com\/de\/nachhaltigkeit\/"]}]},{"@type":"BreadcrumbList","@id":"https:\/\/nuovasimonelli.com\/de\/nachhaltigkeit\/#breadcrumb","itemListElement":[{"@type":"ListItem","position":1,"name":"Home","item":"https:\/\/nuovasimonelli.com\/de\/"},{"@type":"ListItem","position":2,"name":"Nachhaltigkeit"}]},{"@type":"WebSite","@id":"https:\/\/nuovasimonelli.com\/de\/#website","url":"https:\/\/nuovasimonelli.com\/de\/","name":"Nuova Simonelli","description":"","potentialAction":[{"@type":"SearchAction","target":{"@type":"EntryPoint","urlTemplate":"https:\/\/nuovasimonelli.com\/de\/?s={search_term_string}"},"query-input":{"@type":"PropertyValueSpecification","valueRequired":true,"valueName":"search_term_string"}}],"inLanguage":"de"}]}},"_links":{"self":[{"href":"https:\/\/nuovasimonelli.com\/de\/wp-json\/wp\/v2\/pages\/10516","targetHints":{"allow":["GET"]}}],"collection":[{"href":"https:\/\/nuovasimonelli.com\/de\/wp-json\/wp\/v2\/pages"}],"about":[{"href":"https:\/\/nuovasimonelli.com\/de\/wp-json\/wp\/v2\/types\/page"}],"author":[{"embeddable":true,"href":"https:\/\/nuovasimonelli.com\/de\/wp-json\/wp\/v2\/users\/2"}],"replies":[{"embeddable":true,"href":"https:\/\/nuovasimonelli.com\/de\/wp-json\/wp\/v2\/comments?post=10516"}],"version-history":[{"count":0,"href":"https:\/\/nuovasimonelli.com\/de\/wp-json\/wp\/v2\/pages\/10516\/revisions"}],"wp:attachment":[{"href":"https:\/\/nuovasimonelli.com\/de\/wp-json\/wp\/v2\/media?parent=10516"}],"curies":[{"name":"wp","href":"https:\/\/api.w.org\/{rel}","templated":true}]}}